{"id":3,"date":"2024-06-03T10:47:25","date_gmt":"2024-06-03T10:47:25","guid":{"rendered":"https:\/\/xn--quizsprsml-95a8t.com\/?page_id=3"},"modified":"2026-02-13T10:23:33","modified_gmt":"2026-02-13T10:23:33","slug":"vilkar-og-betingelser","status":"publish","type":"page","link":"https:\/\/xn--quizsprsml-95a8t.com\/da\/vilkar-og-betingelser\/","title":{"rendered":"Vilk\u00e5r og betingelser"},"content":{"rendered":"<div id=\"fws_69e38b9983ad3\"  data-column-margin=\"default\" data-midnight=\"dark\"  class=\"wpb_row vc_row-fluid vc_row\"  style=\"padding-top: 0px; padding-bottom: 0px; \"><div class=\"row-bg-wrap\" data-bg-animation=\"none\" data-bg-animation-delay=\"\" data-bg-overlay=\"false\"><div class=\"inner-wrap row-bg-layer\" ><div class=\"row-bg viewport-desktop\"  style=\"\"><\/div><\/div><\/div><div class=\"row_col_wrap_12 col span_12 dark left\">\n\t<div  class=\"vc_col-sm-12 wpb_column column_container vc_column_container col no-extra-padding inherit_tablet inherit_phone\"  data-padding-pos=\"all\" data-has-bg-color=\"false\" data-bg-color=\"\" data-bg-opacity=\"1\" data-animation=\"\" data-delay=\"0\" >\n\t\t<div class=\"vc_column-inner\" >\n\t\t\t<div class=\"wpb_wrapper\">\n\t\t\t\t\n<div class=\"wpb_text_column wpb_content_element\" >\n\t<div class=\"wpb_wrapper\">\n\t\t<div class=\"aioseo-breadcrumbs\"><span class=\"aioseo-breadcrumb\">\n\tStartside\n<\/span><\/div>\n\t<\/div>\n<\/div>\n\n\n\n\n\t\t\t<\/div> \n\t\t<\/div>\n\t<\/div> \n<\/div><\/div>\n\t\t<div id=\"fws_69e38b99848ba\"  data-column-margin=\"default\" data-midnight=\"dark\"  class=\"wpb_row vc_row-fluid vc_row\"  style=\"padding-top: 0px; padding-bottom: 0px; \"><div class=\"row-bg-wrap\" data-bg-animation=\"none\" data-bg-animation-delay=\"\" data-bg-overlay=\"false\"><div class=\"inner-wrap row-bg-layer\" ><div class=\"row-bg viewport-desktop\"  style=\"\"><\/div><\/div><\/div><div class=\"row_col_wrap_12 col span_12 dark left\">\n\t<div  class=\"vc_col-sm-12 wpb_column column_container vc_column_container col no-extra-padding inherit_tablet inherit_phone\"  data-padding-pos=\"all\" data-has-bg-color=\"false\" data-bg-color=\"\" data-bg-opacity=\"1\" data-animation=\"\" data-delay=\"0\" >\n\t\t<div class=\"vc_column-inner\" >\n\t\t\t<div class=\"wpb_wrapper\">\n\t\t\t\t\n<div class=\"wpb_text_column wpb_content_element\" >\n\t<div class=\"wpb_wrapper\">\n\t\t<h1>Vilk\u00e5r og betingelser for Quizsp\u00f8rsm\u00e5l.com<\/h1>\n<p>Velkommen til Quizsp\u00f8rsm\u00e5l.com! Disse vilk\u00e5r og betingelser regulerer brugen af vores hjemmeside og beskriver dine rettigheder og forpligtelser som bruger.<\/p>\n<p>Ved at bes\u00f8ge og bruge QuizQuestion.com accepterer du disse vilk\u00e5r i deres helhed. Hvis du ikke accepterer vilk\u00e5rene, beder vi dig om at afst\u00e5 fra at bruge hjemmesiden.<\/p>\n<h2>Definitioner<\/h2>\n<p>Quizquestions.com henviser til dette websted og dets ejere og operat\u00f8rer.<br \/>\nBruger, du og din henviser til den person, der bes\u00f8ger og bruger hjemmesiden.<br \/>\nIndhold omfatter al tekst, grafik, billeder, lyd, video, software og anden information, der vises eller g\u00f8res tilg\u00e6ngelig p\u00e5 Quiz Questions.com.<\/p>\n<h3>Intellektuelle ejendomsrettigheder<\/h3>\n<p>Alt indhold p\u00e5 QuizQuestion.com er beskyttet af ophavsret og tilh\u00f8rer QuizQuestion.com eller dets licensgivere, medmindre andet er angivet. Alle rettigheder er forbeholdt. Du kan se og udskrive indhold til personlig brug, forudsat at du overholder disse vilk\u00e5r.<\/p>\n<h3>Det er ikke tilladt:<\/h3>\n<p>offentligg\u00f8re, s\u00e6lge, udleje, licensere, kopiere eller distribuere indholdet uden udtrykkelig tilladelse fra Quiz Questions.com.<\/p>\n<h3>Brugerens ansvar<\/h3>\n<p>Du forpligter dig til ikke at bruge hjemmesiden p\u00e5 en m\u00e5de, der kan skade, forringe eller forstyrre dens funktion eller tilg\u00e6ngelighed. Brugen m\u00e5 ikke v\u00e6re i strid med nogen lov eller p\u00e5 en svigagtig eller skadelig m\u00e5de.<\/p>\n<h3>Ansvarsfraskrivelse<\/h3>\n<p>Indholdet p\u00e5 Quizquestions.com gives som generel information og udg\u00f8r ikke professionel r\u00e5dgivning. Vi garanterer ikke, at oplysningerne er fuldst\u00e6ndige, korrekte eller opdaterede. Al brug af indholdet p\u00e5 hjemmesiden sker p\u00e5 eget ansvar.<\/p>\n<p>Quizsp\u00f8rsm\u00e5l.com er en uafh\u00e6ngig platform og genererer ingen indt\u00e6gter gennem affiliate-partnerskaber. Vores anmeldelser og vurderinger er baseret p\u00e5 vores egne objektive vurderinger.<\/p>\n<h3>Begr\u00e6nsning af ansvar<\/h3>\n<p>Quizsp\u00f8rsm\u00e5l.com er ikke ansvarlig for indirekte tab, f\u00f8lgetab eller tab af data eller fortjeneste, der m\u00e5tte opst\u00e5 i forbindelse med brugen af hjemmesiden.<\/p>\n<h3>Eksterne links<\/h3>\n<p>Hjemmesiden kan indeholde links til eksterne hjemmesider, der ikke kontrolleres af Quizsp\u00f8rsm\u00e5l.com. Vi er ikke ansvarlige for indholdet af s\u00e5danne eksterne websteder og anbefaler, at du l\u00e6ser deres vilk\u00e5r og fortrolighedserkl\u00e6ringer.<\/p>\n<h3>Fejl og \u00e6ndringer<\/h3>\n<p>Vi forbeholder os ret til at lave tekniske, typografiske eller andre fejl p\u00e5 hjemmesiden. Quizquestions.com forbeholder sig ret til at \u00e6ndre indhold og vilk\u00e5r til enhver tid uden forudg\u00e5ende varsel.<\/p>\n<h3>G\u00e6ldende lov<\/h3>\n<p>Disse vilk\u00e5r reguleres af maltesisk lov. Enhver tvist skal behandles af maltesiske domstole.<\/p>\n<h3>\u00c6ndringer af vilk\u00e5r og betingelser<\/h3>\n<p>Quiz Questions.com kan til enhver tid opdatere disse vilk\u00e5r. Ved at forts\u00e6tte med at bruge hjemmesiden anses du for at have accepteret de opdaterede vilk\u00e5r.<\/p>\n<h3>Kontakt os<\/h3>\n<p>Hvis du har sp\u00f8rgsm\u00e5l til disse vilk\u00e5r og betingelser, er du velkommen til at kontakte os via kontaktoplysningerne p\u00e5 Quizquestions.com.<\/p>\n\t<\/div>\n<\/div>\n\n\n\n\n\t\t\t<\/div> \n\t\t<\/div>\n\t<\/div> \n<\/div><\/div>","protected":false},"excerpt":{"rendered":"Hjem Vilk\u00e5r og betingelser for Quizsp\u00f8rsm\u00e5l.com Velkommen til Quizsp\u00f8rsm\u00e5l.com! Disse vilk\u00e5rene og betingelsene regulerer bruken av nettstedet v\u00e5rt og beskriver dine rettigheter og plikter som bruker. Ved \u00e5 bes\u00f8ke og bruke Quizsp\u00f8rsm\u00e5l.com godtar du disse vilk\u00e5rene i sin helhet. Dersom du ikke samtykker i vilk\u00e5rene, ber vi deg om \u00e5 avst\u00e5 fra \u00e5 bruke nettstedet. Definisjoner Quizsp\u00f8rsm\u00e5l.com viser til dette nettstedet samt dets eiere og operat\u00f8rer. Bruker, du og din...","protected":false},"author":7,"featured_media":0,"parent":0,"menu_order":0,"comment_status":"closed","ping_status":"closed","template":"","meta":{"_acf_changed":false,"inline_featured_image":false,"_glsr_average":0,"_glsr_ranking":0,"_glsr_reviews":0,"footnotes":""},"class_list":["post-3","page","type-page","status-publish"],"acf":[],"aioseo_notices":[],"aioseo_head":"\n\t\t<!-- All in One SEO Pro 4.8.1.1 - aioseo.com -->\n\t<meta name=\"description\" content=\"Les v\u00e5re vilk\u00e5r og betingelser for Quizsp\u00f8rsm\u00e5l.com. Her finner du reglene for bruk av nettstedet og dine rettigheter og plikter som bruker.\" \/>\n\t<meta name=\"robots\" content=\"max-image-preview:large\" \/>\n\t<link rel=\"canonical\" href=\"https:\/\/xn--quizsprsml-95a8t.com\/da\/vilkar-og-betingelser\/\" \/>\n\t<meta name=\"generator\" content=\"All in One SEO Pro (AIOSEO) 4.8.1.1\" \/>\n\t\t<meta property=\"og:locale\" content=\"da_DK\" \/>\n\t\t<meta property=\"og:site_name\" content=\"Quizsp\u00f8rsm\u00e5l -\" \/>\n\t\t<meta property=\"og:type\" content=\"website\" \/>\n\t\t<meta property=\"og:title\" content=\"Vilk\u00e5r og betingelser \u2013 Bruksvilk\u00e5r for Quizsp\u00f8rsm\u00e5l.com\" \/>\n\t\t<meta property=\"og:description\" content=\"Les v\u00e5re vilk\u00e5r og betingelser for Quizsp\u00f8rsm\u00e5l.com. Her finner du reglene for bruk av nettstedet og dine rettigheter og plikter som bruker.\" \/>\n\t\t<meta property=\"og:url\" content=\"https:\/\/xn--quizsprsml-95a8t.com\/da\/vilkar-og-betingelser\/\" \/>\n\t\t<meta property=\"og:image\" content=\"https:\/\/xn--quizsprsml-95a8t.com\/wp-content\/uploads\/2025\/09\/sportsforum-logo-for-seo.webp\" \/>\n\t\t<meta property=\"og:image:secure_url\" content=\"https:\/\/xn--quizsprsml-95a8t.com\/wp-content\/uploads\/2025\/09\/sportsforum-logo-for-seo.webp\" \/>\n\t\t<meta name=\"twitter:card\" content=\"summary_large_image\" \/>\n\t\t<meta name=\"twitter:site\" content=\"@MarekProch97105\" \/>\n\t\t<meta name=\"twitter:title\" content=\"Vilk\u00e5r og betingelser \u2013 Bruksvilk\u00e5r for Quizsp\u00f8rsm\u00e5l.com\" \/>\n\t\t<meta name=\"twitter:description\" content=\"Les v\u00e5re vilk\u00e5r og betingelser for Quizsp\u00f8rsm\u00e5l.com. Her finner du reglene for bruk av nettstedet og dine rettigheter og plikter som bruker.\" \/>\n\t\t<meta name=\"twitter:creator\" content=\"@MarekProch97105\" \/>\n\t\t<meta name=\"twitter:image\" content=\"https:\/\/xn--quizsprsml-95a8t.com\/wp-content\/uploads\/2025\/09\/sportsforum-logo-for-seo.webp\" \/>\n\t\t<script type=\"application\/ld+json\" class=\"aioseo-schema\">\n\t\t\t{\"@context\":\"https:\\\/\\\/schema.org\",\"@graph\":[{\"@type\":\"BreadcrumbList\",\"@id\":\"https:\\\/\\\/xn--quizsprsml-95a8t.com\\\/da\\\/vilkar-og-betingelser\\\/#breadcrumblist\",\"itemListElement\":[{\"@type\":\"ListItem\",\"@id\":\"https:\\\/\\\/xn--quizsprsml-95a8t.com\\\/da\\\/#listItem\",\"position\":1,\"name\":\"Home\",\"item\":\"https:\\\/\\\/xn--quizsprsml-95a8t.com\\\/da\\\/\",\"nextItem\":{\"@type\":\"ListItem\",\"@id\":\"https:\\\/\\\/xn--quizsprsml-95a8t.com\\\/da\\\/vilkar-og-betingelser\\\/#listItem\",\"name\":\"Vilk\\u00e5r og betingelser\"}},{\"@type\":\"ListItem\",\"@id\":\"https:\\\/\\\/xn--quizsprsml-95a8t.com\\\/da\\\/vilkar-og-betingelser\\\/#listItem\",\"position\":2,\"name\":\"Vilk\\u00e5r og betingelser\",\"previousItem\":{\"@type\":\"ListItem\",\"@id\":\"https:\\\/\\\/xn--quizsprsml-95a8t.com\\\/da\\\/#listItem\",\"name\":\"Home\"}}]},{\"@type\":\"Organization\",\"@id\":\"https:\\\/\\\/xn--quizsprsml-95a8t.com\\\/da\\\/#organization\",\"name\":\"Quizsp\\u00f8rsm\\u00e5l\",\"url\":\"https:\\\/\\\/xn--quizsprsml-95a8t.com\\\/da\\\/\",\"sameAs\":[\"https:\\\/\\\/x.com\\\/MarekProch97105\",\"https:\\\/\\\/www.linkedin.com\\\/in\\\/marek-prochzka-a44875328\\\/\"]},{\"@type\":\"WebPage\",\"@id\":\"https:\\\/\\\/xn--quizsprsml-95a8t.com\\\/da\\\/vilkar-og-betingelser\\\/#webpage\",\"url\":\"https:\\\/\\\/xn--quizsprsml-95a8t.com\\\/da\\\/vilkar-og-betingelser\\\/\",\"name\":\"Vilk\\u00e5r og betingelser \\u2013 Bruksvilk\\u00e5r for Quizsp\\u00f8rsm\\u00e5l.com\",\"description\":\"Les v\\u00e5re vilk\\u00e5r og betingelser for Quizsp\\u00f8rsm\\u00e5l.com. Her finner du reglene for bruk av nettstedet og dine rettigheter og plikter som bruker.\",\"inLanguage\":\"da-DK\",\"isPartOf\":{\"@id\":\"https:\\\/\\\/xn--quizsprsml-95a8t.com\\\/da\\\/#website\"},\"breadcrumb\":{\"@id\":\"https:\\\/\\\/xn--quizsprsml-95a8t.com\\\/da\\\/vilkar-og-betingelser\\\/#breadcrumblist\"},\"datePublished\":\"2024-06-03T10:47:25+00:00\",\"dateModified\":\"2026-02-13T10:23:33+00:00\"},{\"@type\":\"WebSite\",\"@id\":\"https:\\\/\\\/xn--quizsprsml-95a8t.com\\\/da\\\/#website\",\"url\":\"https:\\\/\\\/xn--quizsprsml-95a8t.com\\\/da\\\/\",\"name\":\"Quizsp\\u00f8rsm\\u00e5l\",\"inLanguage\":\"da-DK\",\"publisher\":{\"@id\":\"https:\\\/\\\/xn--quizsprsml-95a8t.com\\\/da\\\/#organization\"}}]}\n\t\t<\/script>\n\t\t<!-- All in One SEO Pro -->\r\n\t\t<title>Vilk\u00e5r og betingelser \u2013 Bruksvilk\u00e5r for Quizsp\u00f8rsm\u00e5l.com<\/title>\n\n","aioseo_head_json":{"title":"Vilk\u00e5r og betingelser - Vilk\u00e5r for brug af Quizsp\u00f8rsm\u00e5l.com","description":"L\u00e6s vores vilk\u00e5r og betingelser for Quizsp\u00f8rsm\u00e5l.com. Her finder du reglerne for brug af hjemmesiden og dine rettigheder og pligter som bruger.","canonical_url":"https:\/\/xn--quizsprsml-95a8t.com\/da\/vilkar-og-betingelser\/","robots":"max-image-preview:large","keywords":"","webmasterTools":{"miscellaneous":""},"schema":{"@context":"https:\/\/schema.org","@graph":[{"@type":"BreadcrumbList","@id":"https:\/\/xn--quizsprsml-95a8t.com\/da\/vilkar-og-betingelser\/#breadcrumblist","itemListElement":[{"@type":"ListItem","@id":"https:\/\/xn--quizsprsml-95a8t.com\/da\/#listItem","position":1,"name":"Home","item":"https:\/\/xn--quizsprsml-95a8t.com\/da\/","nextItem":{"@type":"ListItem","@id":"https:\/\/xn--quizsprsml-95a8t.com\/da\/vilkar-og-betingelser\/#listItem","name":"Vilk\u00e5r og betingelser"}},{"@type":"ListItem","@id":"https:\/\/xn--quizsprsml-95a8t.com\/da\/vilkar-og-betingelser\/#listItem","position":2,"name":"Vilk\u00e5r og betingelser","previousItem":{"@type":"ListItem","@id":"https:\/\/xn--quizsprsml-95a8t.com\/da\/#listItem","name":"Home"}}]},{"@type":"Organization","@id":"https:\/\/xn--quizsprsml-95a8t.com\/da\/#organization","name":"Quizsp\u00f8rsm\u00e5l","url":"https:\/\/xn--quizsprsml-95a8t.com\/da\/","sameAs":["https:\/\/x.com\/MarekProch97105","https:\/\/www.linkedin.com\/in\/marek-prochzka-a44875328\/"]},{"@type":"WebPage","@id":"https:\/\/xn--quizsprsml-95a8t.com\/da\/vilkar-og-betingelser\/#webpage","url":"https:\/\/xn--quizsprsml-95a8t.com\/da\/vilkar-og-betingelser\/","name":"Vilk\u00e5r og betingelser \u2013 Bruksvilk\u00e5r for Quizsp\u00f8rsm\u00e5l.com","description":"Les v\u00e5re vilk\u00e5r og betingelser for Quizsp\u00f8rsm\u00e5l.com. Her finner du reglene for bruk av nettstedet og dine rettigheter og plikter som bruker.","inLanguage":"da-DK","isPartOf":{"@id":"https:\/\/xn--quizsprsml-95a8t.com\/da\/#website"},"breadcrumb":{"@id":"https:\/\/xn--quizsprsml-95a8t.com\/da\/vilkar-og-betingelser\/#breadcrumblist"},"datePublished":"2024-06-03T10:47:25+00:00","dateModified":"2026-02-13T10:23:33+00:00"},{"@type":"WebSite","@id":"https:\/\/xn--quizsprsml-95a8t.com\/da\/#website","url":"https:\/\/xn--quizsprsml-95a8t.com\/da\/","name":"Quizsp\u00f8rsm\u00e5l","inLanguage":"da-DK","publisher":{"@id":"https:\/\/xn--quizsprsml-95a8t.com\/da\/#organization"}}]},"og:locale":"da_DK","og:site_name":"Quizsp\u00f8rsm\u00e5l -","og:type":"website","og:title":"Vilk\u00e5r og betingelser \u2013 Bruksvilk\u00e5r for Quizsp\u00f8rsm\u00e5l.com","og:description":"Les v\u00e5re vilk\u00e5r og betingelser for Quizsp\u00f8rsm\u00e5l.com. Her finner du reglene for bruk av nettstedet og dine rettigheter og plikter som bruker.","og:url":"https:\/\/xn--quizsprsml-95a8t.com\/da\/vilkar-og-betingelser\/","og:image":"https:\/\/xn--quizsprsml-95a8t.com\/wp-content\/uploads\/2025\/09\/sportsforum-logo-for-seo.webp","og:image:secure_url":"https:\/\/xn--quizsprsml-95a8t.com\/wp-content\/uploads\/2025\/09\/sportsforum-logo-for-seo.webp","twitter:card":"summary_large_image","twitter:site":"@MarekProch97105","twitter:title":"Vilk\u00e5r og betingelser \u2013 Bruksvilk\u00e5r for Quizsp\u00f8rsm\u00e5l.com","twitter:description":"Les v\u00e5re vilk\u00e5r og betingelser for Quizsp\u00f8rsm\u00e5l.com. Her finner du reglene for bruk av nettstedet og dine rettigheter og plikter som bruker.","twitter:creator":"@MarekProch97105","twitter:image":"https:\/\/xn--quizsprsml-95a8t.com\/wp-content\/uploads\/2025\/09\/sportsforum-logo-for-seo.webp"},"aioseo_meta_data":{"post_id":"3","title":"Vilk\u00e5r og betingelser - Vilk\u00e5r for brug af Quizsp\u00f8rsm\u00e5l.com","description":"L\u00e6s vores vilk\u00e5r og betingelser for Quizsp\u00f8rsm\u00e5l.com. Her finder du reglerne for brug af hjemmesiden og dine rettigheder og pligter som bruger.","keywords":null,"keyphrases":{"focus":{"keyphrase":"","score":0,"analysis":{"keyphraseInTitle":{"score":0,"maxScore":9,"error":1}}},"additional":[]},"primary_term":null,"canonical_url":null,"og_title":null,"og_description":null,"og_object_type":"website","og_image_type":"default","og_image_url":null,"og_image_width":null,"og_image_height":null,"og_image_custom_url":null,"og_image_custom_fields":null,"og_video":"","og_custom_url":null,"og_article_section":null,"og_article_tags":null,"twitter_use_og":false,"twitter_card":"default","twitter_image_type":"default","twitter_image_url":null,"twitter_image_custom_url":null,"twitter_image_custom_fields":null,"twitter_title":null,"twitter_description":null,"schema":{"blockGraphs":[],"customGraphs":[],"default":{"data":{"Article":[],"Course":[],"Dataset":[],"FAQPage":[],"Movie":[],"Person":[],"Product":[],"ProductReview":[],"Car":[],"Recipe":[],"Service":[],"SoftwareApplication":[],"WebPage":[]},"graphName":"WebPage","isEnabled":true},"graphs":[]},"schema_type":"default","schema_type_options":null,"pillar_content":false,"robots_default":true,"robots_noindex":false,"robots_noarchive":false,"robots_nosnippet":false,"robots_nofollow":false,"robots_noimageindex":false,"robots_noodp":false,"robots_notranslate":false,"robots_max_snippet":"-1","robots_max_videopreview":"-1","robots_max_imagepreview":"large","priority":null,"frequency":"default","local_seo":null,"limit_modified_date":false,"reviewed_by":null,"open_ai":{"title":{"suggestions":[],"usage":0},"description":{"suggestions":[],"usage":0}},"created":"2024-07-26 14:56:51","updated":"2026-02-13 10:34:31"},"aioseo_breadcrumb":"<div class=\"aioseo-breadcrumbs\"><span class=\"aioseo-breadcrumb\">\n\t<a href=\"https:\/\/xn--quizsprsml-95a8t.com\/da\" title=\"Hjem\">Hjem<\/a>\n<\/span><span class=\"aioseo-breadcrumb-separator\">&gt;<\/span><span class=\"aioseo-breadcrumb\">\n\tVilk\u00e5r og betingelser\n<\/span><\/div>","aioseo_breadcrumb_json":[{"label":"Hjem","link":"https:\/\/xn--quizsprsml-95a8t.com\/da"},{"label":"Vilk\u00e5r og betingelser","link":"https:\/\/xn--quizsprsml-95a8t.com\/da\/vilkar-og-betingelser\/"}],"_links":{"self":[{"href":"https:\/\/xn--quizsprsml-95a8t.com\/da\/wp-json\/wp\/v2\/pages\/3","targetHints":{"allow":["GET"]}}],"collection":[{"href":"https:\/\/xn--quizsprsml-95a8t.com\/da\/wp-json\/wp\/v2\/pages"}],"about":[{"href":"https:\/\/xn--quizsprsml-95a8t.com\/da\/wp-json\/wp\/v2\/types\/page"}],"author":[{"embeddable":true,"href":"https:\/\/xn--quizsprsml-95a8t.com\/da\/wp-json\/wp\/v2\/users\/7"}],"replies":[{"embeddable":true,"href":"https:\/\/xn--quizsprsml-95a8t.com\/da\/wp-json\/wp\/v2\/comments?post=3"}],"version-history":[{"count":4,"href":"https:\/\/xn--quizsprsml-95a8t.com\/da\/wp-json\/wp\/v2\/pages\/3\/revisions"}],"predecessor-version":[{"id":15180,"href":"https:\/\/xn--quizsprsml-95a8t.com\/da\/wp-json\/wp\/v2\/pages\/3\/revisions\/15180"}],"wp:attachment":[{"href":"https:\/\/xn--quizsprsml-95a8t.com\/da\/wp-json\/wp\/v2\/media?parent=3"}],"curies":[{"name":"wp","href":"https:\/\/api.w.org\/{rel}","templated":true}]}}