{"id":11965,"date":"2025-04-24T14:18:29","date_gmt":"2025-04-24T14:18:29","guid":{"rendered":"https:\/\/xn--quizsprsml-95a8t.com\/?page_id=11965"},"modified":"2026-01-29T15:43:19","modified_gmt":"2026-01-29T15:43:19","slug":"persondatapolitik-for-quizsporgsmal","status":"publish","type":"page","link":"https:\/\/xn--quizsprsml-95a8t.com\/da\/persondatapolitik-for-quizsporgsmal\/","title":{"rendered":"Privatlivspolitik for quizsp\u00f8rgsm\u00e5l"},"content":{"rendered":"<div id=\"fws_69e38bbf83f3f\"  data-column-margin=\"default\" data-midnight=\"dark\"  class=\"wpb_row vc_row-fluid vc_row\"  style=\"padding-top: 0px; padding-bottom: 0px; \"><div class=\"row-bg-wrap\" data-bg-animation=\"none\" data-bg-animation-delay=\"\" data-bg-overlay=\"false\"><div class=\"inner-wrap row-bg-layer\" ><div class=\"row-bg viewport-desktop\"  style=\"\"><\/div><\/div><\/div><div class=\"row_col_wrap_12 col span_12 dark left\">\n\t<div  class=\"vc_col-sm-12 wpb_column column_container vc_column_container col no-extra-padding inherit_tablet inherit_phone\"  data-padding-pos=\"all\" data-has-bg-color=\"false\" data-bg-color=\"\" data-bg-opacity=\"1\" data-animation=\"\" data-delay=\"0\" >\n\t\t<div class=\"vc_column-inner\" >\n\t\t\t<div class=\"wpb_wrapper\">\n\t\t\t\t\n<div class=\"wpb_text_column wpb_content_element\" >\n\t<div class=\"wpb_wrapper\">\n\t\t<div class=\"aioseo-breadcrumbs\"><span class=\"aioseo-breadcrumb\">\n\tStartside\n<\/span><\/div>\n\t<\/div>\n<\/div>\n\n\n\n\n\t\t\t<\/div> \n\t\t<\/div>\n\t<\/div> \n<\/div><\/div>\n\t\t<div id=\"fws_69e38bbf84771\"  data-column-margin=\"default\" data-midnight=\"dark\"  class=\"wpb_row vc_row-fluid vc_row\"  style=\"padding-top: 0px; padding-bottom: 0px; \"><div class=\"row-bg-wrap\" data-bg-animation=\"none\" data-bg-animation-delay=\"\" data-bg-overlay=\"false\"><div class=\"inner-wrap row-bg-layer\" ><div class=\"row-bg viewport-desktop\"  style=\"\"><\/div><\/div><\/div><div class=\"row_col_wrap_12 col span_12 dark left\">\n\t<div  class=\"vc_col-sm-12 wpb_column column_container vc_column_container col no-extra-padding inherit_tablet inherit_phone\"  data-padding-pos=\"all\" data-has-bg-color=\"false\" data-bg-color=\"\" data-bg-opacity=\"1\" data-animation=\"\" data-delay=\"0\" >\n\t\t<div class=\"vc_column-inner\" >\n\t\t\t<div class=\"wpb_wrapper\">\n\t\t\t\t\n<div class=\"wpb_text_column wpb_content_element\" >\n\t<div class=\"wpb_wrapper\">\n\t\t\t<\/div>\n<\/div>\n\n\n\n\n\t\t\t<\/div> \n\t\t<\/div>\n\t<\/div> \n<\/div><\/div>\n\t\t<div id=\"fws_69e38bbf848db\"  data-column-margin=\"default\" data-midnight=\"dark\"  class=\"wpb_row vc_row-fluid vc_row\"  style=\"padding-top: 0px; padding-bottom: 0px; \"><div class=\"row-bg-wrap\" data-bg-animation=\"none\" data-bg-animation-delay=\"\" data-bg-overlay=\"false\"><div class=\"inner-wrap row-bg-layer\" ><div class=\"row-bg viewport-desktop\"  style=\"\"><\/div><\/div><\/div><div class=\"row_col_wrap_12 col span_12 dark left\">\n\t<div  class=\"vc_col-sm-12 wpb_column column_container vc_column_container col no-extra-padding inherit_tablet inherit_phone\"  data-padding-pos=\"all\" data-has-bg-color=\"false\" data-bg-color=\"\" data-bg-opacity=\"1\" data-animation=\"\" data-delay=\"0\" >\n\t\t<div class=\"vc_column-inner\" >\n\t\t\t<div class=\"wpb_wrapper\">\n\t\t\t\t\n<div class=\"wpb_text_column wpb_content_element\" >\n\t<div class=\"wpb_wrapper\">\n\t\t<h1>Privatlivspolitik for Quizsp\u00f8rgsm\u00e5l.com<\/h1>\n<p>P\u00e5 Quizsp\u00f8rgsm\u00e5l.com v\u00e6rds\u00e6tter vi dit privatliv og beskyttelsen af dine personoplysninger. Denne privatlivspolitik beskriver, hvordan vi indsamler, bruger, opbevarer og beskytter dine oplysninger i overensstemmelse med g\u00e6ldende databeskyttelseslovgivning, herunder EU's General Data Protection Regulation (GDPR).<\/p>\n<h2>Ansvarlig for behandling<\/h2>\n<p>Quizsp\u00f8rsm\u00e5l.com er dataansvarlig for behandlingen af dine personoplysninger.<\/p>\n<h3>Hvilke oplysninger indsamler vi?<\/h3>\n<p>Vi indsamler kun de personoplysninger, der er n\u00f8dvendige for at kunne tilbyde vores tjenester og kommunikere med dig. Eksempler p\u00e5 s\u00e5danne oplysninger kan v\u00e6re:<\/p>\n<ul>\n<li>Navn<\/li>\n<li>E-mailadresse<\/li>\n<li>IP-adresse<\/li>\n<li>Brugeradf\u00e6rd p\u00e5 vores hjemmeside (via cookies)<\/li>\n<\/ul>\n<h3>Form\u00e5let med behandlingen<\/h3>\n<ul>\n<li>Vi behandler dine personoplysninger til f\u00f8lgende form\u00e5l:<\/li>\n<li>For at kunne levere og forbedre vores tjenester<\/li>\n<li>For at besvare henvendelser og kommunikere med dig<\/li>\n<li>For at opfylde lovpligtige forpligtelser<\/li>\n<li>For at analysere brugen af hjemmesiden ved hj\u00e6lp af cookies og dermed forbedre brugeroplevelsen<\/li>\n<\/ul>\n<h3>Behandlingsgrundlag<\/h3>\n<p>Behandlingen sker p\u00e5 baggrund af:<\/p>\n<ul>\n<li>Dit samtykke (for eksempel ved brug af cookies)<\/li>\n<li>Opfyldelse af aftale eller forberedelse til at indg\u00e5 en aftale<\/li>\n<li>Vores legitime interesse i at udvikle og forbedre tjenesterne<\/li>\n<li>Overholdelse af juridiske forpligtelser<\/li>\n<\/ul>\n<h3>Deling af oplysninger<\/h3>\n<p>Vi deler ikke dine personoplysninger med tredjeparter uden dit udtrykkelige samtykke, medmindre det er n\u00f8dvendigt for at opfylde en aftale, eller hvis lovgivningen kr\u00e6ver det.<\/p>\n<h3>Lagringsperiode<\/h3>\n<p>Vi opbevarer kun dine personoplysninger, s\u00e5 l\u00e6nge det er n\u00f8dvendigt til de form\u00e5l, der er n\u00e6vnt ovenfor, eller som f\u00f8lge af lovm\u00e6ssige krav. Som hovedregel gemmes data i op til et \u00e5r efter den sidste kontakt, medmindre l\u00e6ngere opbevaring er p\u00e5kr\u00e6vet ved lov (f.eks. bogf\u00f8ringsregler).<\/p>\n<h3>Dine rettigheder<\/h3>\n<p>Du har ret til at:<\/p>\n<ul>\n<li>Anmod om indsigt i hvilke oplysninger vi behandler om dig<\/li>\n<li>F\u00e5 urigtige oplysninger rettet<\/li>\n<li>Anmod om sletning af dine oplysninger (i visse tilf\u00e6lde)<\/li>\n<li>Anmod om begr\u00e6nsning af eller indsigelse mod behandlingen<\/li>\n<li>F\u00e5 utlevert opplysningene dine i et maskinlesbart format (dataportabilitet)<\/li>\n<li>Tilbagekaldelse af samtykke til behandling af personoplysninger<\/li>\n<li>Hvis du \u00f8nsker at benytte dig af nogen af disse rettigheder, kan du kontakte os via kontaktoplysningerne p\u00e5 Quizsp\u00f8rsm\u00e5l.com.<\/li>\n<\/ul>\n<h3>Informationskapsler<\/h3>\n<p>Vi bruger cookies til at analysere brugen af webstedet og forbedre din oplevelse. Du kan til enhver tid \u00e6ndre cookie-indstillingerne i din browser.<\/p>\n\t<\/div>\n<\/div>\n\n\n\n\n\t\t\t<\/div> \n\t\t<\/div>\n\t<\/div> \n<\/div><\/div>","protected":false},"excerpt":{"rendered":"Hjem Personvernerkl\u00e6ring for Quizsp\u00f8rsm\u00e5l.com P\u00e5 Quizsp\u00f8rsm\u00e5l.com verner vi om personvernet ditt og beskyttelsen av personopplysningene dine. Denne personvernerkl\u00e6ringen beskriver hvordan vi samler inn, bruker, lagrer og beskytter informasjonen din i tr\u00e5d med gjeldende personvernlovgivning, inkludert EUs personvernforordning (GDPR). Behandlingsansvarlig Quizsp\u00f8rsm\u00e5l.com er behandlingsansvarlig for behandlingen av dine personopplysninger. Hvilke opplysninger samler vi inn? Vi samler bare inn de personopplysningene som er n\u00f8dvendige for \u00e5 kunne tilby tjenestene v\u00e5re og kommunisere med...","protected":false},"author":7,"featured_media":0,"parent":0,"menu_order":0,"comment_status":"closed","ping_status":"closed","template":"","meta":{"_acf_changed":false,"inline_featured_image":false,"_glsr_average":0,"_glsr_ranking":0,"_glsr_reviews":0,"footnotes":""},"class_list":["post-11965","page","type-page","status-publish"],"acf":[],"aioseo_notices":[],"aioseo_head":"\n\t\t<!-- All in One SEO Pro 4.8.1.1 - aioseo.com -->\n\t<meta name=\"description\" content=\"Personvernerkl\u00e6ringen for Quizsp\u00f8rsm\u00e5l forklarer hvordan vi samler inn, bruker og beskytter dine personopplysninger i samsvar med GDPR og dine rettigheter.\" \/>\n\t<meta name=\"robots\" content=\"max-image-preview:large\" \/>\n\t<link rel=\"canonical\" href=\"https:\/\/xn--quizsprsml-95a8t.com\/da\/persondatapolitik-for-quizsporgsmal\/\" \/>\n\t<meta name=\"generator\" content=\"All in One SEO Pro (AIOSEO) 4.8.1.1\" \/>\n\t\t<meta property=\"og:locale\" content=\"da_DK\" \/>\n\t\t<meta property=\"og:site_name\" content=\"Quizsp\u00f8rsm\u00e5l -\" \/>\n\t\t<meta property=\"og:type\" content=\"website\" \/>\n\t\t<meta property=\"og:title\" content=\"Personvernerkl\u00e6ringen for Quizsp\u00f8rsm\u00e5l beskytter di\" \/>\n\t\t<meta property=\"og:description\" content=\"Personvernerkl\u00e6ringen for Quizsp\u00f8rsm\u00e5l forklarer hvordan vi samler inn, bruker og beskytter dine personopplysninger i samsvar med GDPR og dine rettigheter.\" \/>\n\t\t<meta property=\"og:url\" content=\"https:\/\/xn--quizsprsml-95a8t.com\/da\/persondatapolitik-for-quizsporgsmal\/\" \/>\n\t\t<meta property=\"og:image\" content=\"https:\/\/xn--quizsprsml-95a8t.com\/wp-content\/uploads\/2025\/09\/sportsforum-logo-for-seo.webp\" \/>\n\t\t<meta property=\"og:image:secure_url\" content=\"https:\/\/xn--quizsprsml-95a8t.com\/wp-content\/uploads\/2025\/09\/sportsforum-logo-for-seo.webp\" \/>\n\t\t<meta name=\"twitter:card\" content=\"summary_large_image\" \/>\n\t\t<meta name=\"twitter:site\" content=\"@MarekProch97105\" \/>\n\t\t<meta name=\"twitter:title\" content=\"Personvernerkl\u00e6ringen for Quizsp\u00f8rsm\u00e5l beskytter di\" \/>\n\t\t<meta name=\"twitter:description\" content=\"Personvernerkl\u00e6ringen for Quizsp\u00f8rsm\u00e5l forklarer hvordan vi samler inn, bruker og beskytter dine personopplysninger i samsvar med GDPR og dine rettigheter.\" \/>\n\t\t<meta name=\"twitter:creator\" content=\"@MarekProch97105\" \/>\n\t\t<meta name=\"twitter:image\" content=\"https:\/\/xn--quizsprsml-95a8t.com\/wp-content\/uploads\/2025\/09\/sportsforum-logo-for-seo.webp\" \/>\n\t\t<script type=\"application\/ld+json\" class=\"aioseo-schema\">\n\t\t\t{\"@context\":\"https:\\\/\\\/schema.org\",\"@graph\":[{\"@type\":\"BreadcrumbList\",\"@id\":\"https:\\\/\\\/xn--quizsprsml-95a8t.com\\\/da\\\/persondatapolitik-for-quizsporgsmal\\\/#breadcrumblist\",\"itemListElement\":[{\"@type\":\"ListItem\",\"@id\":\"https:\\\/\\\/xn--quizsprsml-95a8t.com\\\/da\\\/#listItem\",\"position\":1,\"name\":\"Home\",\"item\":\"https:\\\/\\\/xn--quizsprsml-95a8t.com\\\/da\\\/\",\"nextItem\":{\"@type\":\"ListItem\",\"@id\":\"https:\\\/\\\/xn--quizsprsml-95a8t.com\\\/da\\\/persondatapolitik-for-quizsporgsmal\\\/#listItem\",\"name\":\"Personvernerkl\\u00e6ringen for Quizsp\\u00f8rsm\\u00e5l\"}},{\"@type\":\"ListItem\",\"@id\":\"https:\\\/\\\/xn--quizsprsml-95a8t.com\\\/da\\\/persondatapolitik-for-quizsporgsmal\\\/#listItem\",\"position\":2,\"name\":\"Personvernerkl\\u00e6ringen for Quizsp\\u00f8rsm\\u00e5l\",\"previousItem\":{\"@type\":\"ListItem\",\"@id\":\"https:\\\/\\\/xn--quizsprsml-95a8t.com\\\/da\\\/#listItem\",\"name\":\"Home\"}}]},{\"@type\":\"Organization\",\"@id\":\"https:\\\/\\\/xn--quizsprsml-95a8t.com\\\/da\\\/#organization\",\"name\":\"Quizsp\\u00f8rsm\\u00e5l\",\"url\":\"https:\\\/\\\/xn--quizsprsml-95a8t.com\\\/da\\\/\",\"sameAs\":[\"https:\\\/\\\/x.com\\\/MarekProch97105\",\"https:\\\/\\\/www.linkedin.com\\\/in\\\/marek-prochzka-a44875328\\\/\"]},{\"@type\":\"WebPage\",\"@id\":\"https:\\\/\\\/xn--quizsprsml-95a8t.com\\\/da\\\/persondatapolitik-for-quizsporgsmal\\\/#webpage\",\"url\":\"https:\\\/\\\/xn--quizsprsml-95a8t.com\\\/da\\\/persondatapolitik-for-quizsporgsmal\\\/\",\"name\":\"Personvernerkl\\u00e6ringen for Quizsp\\u00f8rsm\\u00e5l beskytter di\",\"description\":\"Personvernerkl\\u00e6ringen for Quizsp\\u00f8rsm\\u00e5l forklarer hvordan vi samler inn, bruker og beskytter dine personopplysninger i samsvar med GDPR og dine rettigheter.\",\"inLanguage\":\"da-DK\",\"isPartOf\":{\"@id\":\"https:\\\/\\\/xn--quizsprsml-95a8t.com\\\/da\\\/#website\"},\"breadcrumb\":{\"@id\":\"https:\\\/\\\/xn--quizsprsml-95a8t.com\\\/da\\\/persondatapolitik-for-quizsporgsmal\\\/#breadcrumblist\"},\"datePublished\":\"2025-04-24T14:18:29+00:00\",\"dateModified\":\"2026-01-29T15:43:19+00:00\"},{\"@type\":\"WebSite\",\"@id\":\"https:\\\/\\\/xn--quizsprsml-95a8t.com\\\/da\\\/#website\",\"url\":\"https:\\\/\\\/xn--quizsprsml-95a8t.com\\\/da\\\/\",\"name\":\"Quizsp\\u00f8rsm\\u00e5l\",\"inLanguage\":\"da-DK\",\"publisher\":{\"@id\":\"https:\\\/\\\/xn--quizsprsml-95a8t.com\\\/da\\\/#organization\"}}]}\n\t\t<\/script>\n\t\t<!-- All in One SEO Pro -->\r\n\t\t<title>Personvernerkl\u00e6ringen for Quizsp\u00f8rsm\u00e5l beskytter di<\/title>\n\n","aioseo_head_json":{"title":"Privatlivspolitikken for Quizsp\u00f8rgsm\u00e5l beskytter data","description":"Quizsp\u00f8rsm\u00e5lenes privatlivspolitik forklarer, hvordan vi indsamler, bruger og beskytter dine personoplysninger i overensstemmelse med GDPR og dine rettigheder.","canonical_url":"https:\/\/xn--quizsprsml-95a8t.com\/da\/persondatapolitik-for-quizsporgsmal\/","robots":"max-image-preview:large","keywords":"","webmasterTools":{"miscellaneous":""},"schema":{"@context":"https:\/\/schema.org","@graph":[{"@type":"BreadcrumbList","@id":"https:\/\/xn--quizsprsml-95a8t.com\/da\/persondatapolitik-for-quizsporgsmal\/#breadcrumblist","itemListElement":[{"@type":"ListItem","@id":"https:\/\/xn--quizsprsml-95a8t.com\/da\/#listItem","position":1,"name":"Home","item":"https:\/\/xn--quizsprsml-95a8t.com\/da\/","nextItem":{"@type":"ListItem","@id":"https:\/\/xn--quizsprsml-95a8t.com\/da\/persondatapolitik-for-quizsporgsmal\/#listItem","name":"Personvernerkl\u00e6ringen for Quizsp\u00f8rsm\u00e5l"}},{"@type":"ListItem","@id":"https:\/\/xn--quizsprsml-95a8t.com\/da\/persondatapolitik-for-quizsporgsmal\/#listItem","position":2,"name":"Personvernerkl\u00e6ringen for Quizsp\u00f8rsm\u00e5l","previousItem":{"@type":"ListItem","@id":"https:\/\/xn--quizsprsml-95a8t.com\/da\/#listItem","name":"Home"}}]},{"@type":"Organization","@id":"https:\/\/xn--quizsprsml-95a8t.com\/da\/#organization","name":"Quizsp\u00f8rsm\u00e5l","url":"https:\/\/xn--quizsprsml-95a8t.com\/da\/","sameAs":["https:\/\/x.com\/MarekProch97105","https:\/\/www.linkedin.com\/in\/marek-prochzka-a44875328\/"]},{"@type":"WebPage","@id":"https:\/\/xn--quizsprsml-95a8t.com\/da\/persondatapolitik-for-quizsporgsmal\/#webpage","url":"https:\/\/xn--quizsprsml-95a8t.com\/da\/persondatapolitik-for-quizsporgsmal\/","name":"Personvernerkl\u00e6ringen for Quizsp\u00f8rsm\u00e5l beskytter di","description":"Personvernerkl\u00e6ringen for Quizsp\u00f8rsm\u00e5l forklarer hvordan vi samler inn, bruker og beskytter dine personopplysninger i samsvar med GDPR og dine rettigheter.","inLanguage":"da-DK","isPartOf":{"@id":"https:\/\/xn--quizsprsml-95a8t.com\/da\/#website"},"breadcrumb":{"@id":"https:\/\/xn--quizsprsml-95a8t.com\/da\/persondatapolitik-for-quizsporgsmal\/#breadcrumblist"},"datePublished":"2025-04-24T14:18:29+00:00","dateModified":"2026-01-29T15:43:19+00:00"},{"@type":"WebSite","@id":"https:\/\/xn--quizsprsml-95a8t.com\/da\/#website","url":"https:\/\/xn--quizsprsml-95a8t.com\/da\/","name":"Quizsp\u00f8rsm\u00e5l","inLanguage":"da-DK","publisher":{"@id":"https:\/\/xn--quizsprsml-95a8t.com\/da\/#organization"}}]},"og:locale":"da_DK","og:site_name":"Quizsp\u00f8rsm\u00e5l -","og:type":"website","og:title":"Personvernerkl\u00e6ringen for Quizsp\u00f8rsm\u00e5l beskytter di","og:description":"Personvernerkl\u00e6ringen for Quizsp\u00f8rsm\u00e5l forklarer hvordan vi samler inn, bruker og beskytter dine personopplysninger i samsvar med GDPR og dine rettigheter.","og:url":"https:\/\/xn--quizsprsml-95a8t.com\/da\/persondatapolitik-for-quizsporgsmal\/","og:image":"https:\/\/xn--quizsprsml-95a8t.com\/wp-content\/uploads\/2025\/09\/sportsforum-logo-for-seo.webp","og:image:secure_url":"https:\/\/xn--quizsprsml-95a8t.com\/wp-content\/uploads\/2025\/09\/sportsforum-logo-for-seo.webp","twitter:card":"summary_large_image","twitter:site":"@MarekProch97105","twitter:title":"Personvernerkl\u00e6ringen for Quizsp\u00f8rsm\u00e5l beskytter di","twitter:description":"Personvernerkl\u00e6ringen for Quizsp\u00f8rsm\u00e5l forklarer hvordan vi samler inn, bruker og beskytter dine personopplysninger i samsvar med GDPR og dine rettigheter.","twitter:creator":"@MarekProch97105","twitter:image":"https:\/\/xn--quizsprsml-95a8t.com\/wp-content\/uploads\/2025\/09\/sportsforum-logo-for-seo.webp"},"aioseo_meta_data":{"post_id":"11965","title":"Privatlivspolitikken for Quizsp\u00f8rgsm\u00e5l beskytter data","description":"Quizsp\u00f8rsm\u00e5lenes privatlivspolitik forklarer, hvordan vi indsamler, bruger og beskytter dine personoplysninger i overensstemmelse med GDPR og dine rettigheder.","keywords":null,"keyphrases":{"focus":{"keyphrase":"Personvernerkl\u00e6ringen","score":68,"analysis":{"keyphraseInTitle":{"score":9,"maxScore":9,"error":0},"keyphraseInDescription":{"score":9,"maxScore":9,"error":0},"keyphraseLength":{"score":9,"maxScore":9,"error":0,"length":2},"keyphraseInURL":{"score":1,"maxScore":5,"error":1},"keyphraseInIntroduction":{"score":9,"maxScore":9,"error":0},"keyphraseInSubHeadings":{"score":3,"maxScore":9,"error":1},"keyphraseInImageAlt":[],"keywordDensity":{"score":0,"type":"low","maxScore":9,"error":1}}},"additional":[]},"primary_term":null,"canonical_url":null,"og_title":null,"og_description":null,"og_object_type":"website","og_image_type":"default","og_image_url":null,"og_image_width":null,"og_image_height":null,"og_image_custom_url":null,"og_image_custom_fields":null,"og_video":"","og_custom_url":null,"og_article_section":null,"og_article_tags":null,"twitter_use_og":false,"twitter_card":"default","twitter_image_type":"default","twitter_image_url":null,"twitter_image_custom_url":null,"twitter_image_custom_fields":null,"twitter_title":null,"twitter_description":null,"schema":{"blockGraphs":[],"customGraphs":[],"default":{"data":{"Article":[],"Course":[],"Dataset":[],"FAQPage":[],"Movie":[],"Person":[],"Product":[],"ProductReview":[],"Car":[],"Recipe":[],"Service":[],"SoftwareApplication":[],"WebPage":[]},"graphName":"WebPage","isEnabled":true},"graphs":[]},"schema_type":"default","schema_type_options":null,"pillar_content":false,"robots_default":true,"robots_noindex":false,"robots_noarchive":false,"robots_nosnippet":false,"robots_nofollow":false,"robots_noimageindex":false,"robots_noodp":false,"robots_notranslate":false,"robots_max_snippet":"-1","robots_max_videopreview":"-1","robots_max_imagepreview":"large","priority":null,"frequency":"default","local_seo":null,"limit_modified_date":false,"reviewed_by":null,"open_ai":{"title":{"suggestions":[],"usage":0},"description":{"suggestions":[],"usage":0}},"created":"2025-04-24 14:17:12","updated":"2026-01-29 15:45:46"},"aioseo_breadcrumb":"<div class=\"aioseo-breadcrumbs\"><span class=\"aioseo-breadcrumb\">\n\t<a href=\"https:\/\/xn--quizsprsml-95a8t.com\/da\" title=\"Hjem\">Hjem<\/a>\n<\/span><span class=\"aioseo-breadcrumb-separator\">&gt;<\/span><span class=\"aioseo-breadcrumb\">\n\tPersonvernerkl\u00e6ringen for Quizsp\u00f8rsm\u00e5l\n<\/span><\/div>","aioseo_breadcrumb_json":[{"label":"Hjem","link":"https:\/\/xn--quizsprsml-95a8t.com\/da"},{"label":"Personvernerkl\u00e6ringen for Quizsp\u00f8rsm\u00e5l","link":"https:\/\/xn--quizsprsml-95a8t.com\/da\/persondatapolitik-for-quizsporgsmal\/"}],"_links":{"self":[{"href":"https:\/\/xn--quizsprsml-95a8t.com\/da\/wp-json\/wp\/v2\/pages\/11965","targetHints":{"allow":["GET"]}}],"collection":[{"href":"https:\/\/xn--quizsprsml-95a8t.com\/da\/wp-json\/wp\/v2\/pages"}],"about":[{"href":"https:\/\/xn--quizsprsml-95a8t.com\/da\/wp-json\/wp\/v2\/types\/page"}],"author":[{"embeddable":true,"href":"https:\/\/xn--quizsprsml-95a8t.com\/da\/wp-json\/wp\/v2\/users\/7"}],"replies":[{"embeddable":true,"href":"https:\/\/xn--quizsprsml-95a8t.com\/da\/wp-json\/wp\/v2\/comments?post=11965"}],"version-history":[{"count":5,"href":"https:\/\/xn--quizsprsml-95a8t.com\/da\/wp-json\/wp\/v2\/pages\/11965\/revisions"}],"predecessor-version":[{"id":15065,"href":"https:\/\/xn--quizsprsml-95a8t.com\/da\/wp-json\/wp\/v2\/pages\/11965\/revisions\/15065"}],"wp:attachment":[{"href":"https:\/\/xn--quizsprsml-95a8t.com\/da\/wp-json\/wp\/v2\/media?parent=11965"}],"curies":[{"name":"wp","href":"https:\/\/api.w.org\/{rel}","templated":true}]}}