{"id":11232,"date":"2025-01-16T11:26:45","date_gmt":"2025-01-16T11:26:45","guid":{"rendered":"https:\/\/xn--quizsprsml-95a8t.com\/?page_id=11232"},"modified":"2026-02-26T15:04:08","modified_gmt":"2026-02-26T15:04:08","slug":"ordbog","status":"publish","type":"page","link":"https:\/\/xn--quizsprsml-95a8t.com\/da\/ordbog\/","title":{"rendered":"Ordbog"},"content":{"rendered":"<div id=\"fws_69e38b99937c0\"  data-column-margin=\"none\" data-midnight=\"dark\"  class=\"wpb_row vc_row-fluid vc_row\"  style=\"padding-top: 0px; padding-bottom: 0px; \"><div class=\"row-bg-wrap\" data-bg-animation=\"none\" data-bg-animation-delay=\"\" data-bg-overlay=\"false\"><div class=\"inner-wrap row-bg-layer\" ><div class=\"row-bg viewport-desktop\"  style=\"\"><\/div><\/div><\/div><div class=\"row_col_wrap_12 col span_12 dark left\">\n\t<div  class=\"vc_col-sm-12 wpb_column column_container vc_column_container col no-extra-padding inherit_tablet inherit_phone\"  data-padding-pos=\"all\" data-has-bg-color=\"false\" data-bg-color=\"\" data-bg-opacity=\"1\" data-animation=\"\" data-delay=\"0\" >\n\t\t<div class=\"vc_column-inner\" >\n\t\t\t<div class=\"wpb_wrapper\">\n\t\t\t\t<div id=\"fws_69e38b9993bff\" data-midnight=\"\" data-column-margin=\"default\" class=\"wpb_row vc_row-fluid vc_row inner_row\"  style=\"\"><div class=\"row-bg-wrap\"> <div class=\"row-bg\" ><\/div> <\/div><div class=\"row_col_wrap_12_inner col span_12  left\">\n\t<div  class=\"vc_col-sm-12 wpb_column column_container vc_column_container col child_column no-extra-padding inherit_tablet inherit_phone\"   data-padding-pos=\"all\" data-has-bg-color=\"false\" data-bg-color=\"\" data-bg-opacity=\"1\" data-animation=\"\" data-delay=\"0\" >\n\t\t<div class=\"vc_column-inner\" >\n\t\t<div class=\"wpb_wrapper\">\n\t\t\t<h1 style=\"text-align: center\" class=\"vc_custom_heading vc_do_custom_heading\" >Ordbog<\/h1>\n\t\t<\/div> \n\t<\/div>\n\t<\/div> \n<\/div><\/div><div id=\"fws_69e38b9993eeb\" data-midnight=\"\" data-column-margin=\"default\" class=\"wpb_row vc_row-fluid vc_row inner_row\"  style=\"\"><div class=\"row-bg-wrap\"> <div class=\"row-bg\" ><\/div> <\/div><div class=\"row_col_wrap_12_inner col span_12  left\">\n\t<div  class=\"vc_col-sm-12 wpb_column column_container vc_column_container col child_column no-extra-padding inherit_tablet inherit_phone\"   data-padding-pos=\"all\" data-has-bg-color=\"false\" data-bg-color=\"\" data-bg-opacity=\"1\" data-animation=\"\" data-delay=\"0\" >\n\t\t<div class=\"vc_column-inner\" >\n\t\t<div class=\"wpb_wrapper\">\n\t\t\t\n<div class=\"wpb_text_column wpb_content_element\" >\n\t<div class=\"wpb_wrapper\">\n\t\t<h2 style=\"margin-top:-30px;text-align:center;\">Quizleksikon - ord og s\u00e6tninger i quizzer og quizzer<\/h2>\n<p style=\"text-align:center;\">I vores quizleksikon finder du forklaringer p\u00e5 almindelige ord, termer og udtryk, der bruges i quizzer, quizshows og pubquizzer. Leksikonet er designet til at underst\u00f8tte vores artikler med uddybende forklaringer p\u00e5 emner og temaer, som du m\u00f8der i quizsp\u00f8rgsm\u00e5lene. Her samler vi alt fra forskellige sp\u00f8rgsm\u00e5lstyper og pointsystemer til quizslang og sjove udtryk, der dukker op p\u00e5 en quizaften.<\/p>\n<div class=\"wpg-list-wrapper wpg-list-wrapper-template-alphabet\"><div class=\"wpg-list-filter-container\"><div class=\"wpg-list-filter\"><span class=\"wpg-list-filter-row\"><a class=\"filter active\" data-filter=\"all\">Alle<\/a><a class=\"filter\" data-filter=\".wpg-filter-a\">A<\/a><a class=\"filter\" data-filter=\".wpg-filter-b\">B<\/a><a class=\"filter\" data-filter=\".wpg-filter-f\">F<\/a><a class=\"filter\" data-filter=\".wpg-filter-g\">G<\/a><a class=\"filter\" data-filter=\".wpg-filter-j\">J<\/a><a class=\"filter\" data-filter=\".wpg-filter-m\">M<\/a><a class=\"filter\" data-filter=\".wpg-filter-p\">P<\/a><a class=\"filter\" data-filter=\".wpg-filter-q\">Q<\/a><\/span><\/div><\/div><div class=\"wpg-list wpg-list-template-four-column\"><div class=\"wpg-list-block wpg-filter-a mix\" data-filter-base=\"a\"><h3 class=\"wpg-list-block-heading\">A<\/h3><ul class=\"wpg-list-items\"><li class=\"wpg-list-item\"><a class=\"wpg-list-item-title\" title=\"alderssvarende quiz\" href=\"https:\/\/xn--quizsprsml-95a8t.com\/da\/ordbog\/alderssvarende-quiz\/\" >alderssvarende quiz<\/a><\/li><\/ul><\/div><div class=\"wpg-list-block wpg-filter-b mix\" data-filter-base=\"b\"><h3 class=\"wpg-list-block-heading\">B<\/h3><ul class=\"wpg-list-items\"><li class=\"wpg-list-item\"><a class=\"wpg-list-item-title\" title=\"B\u00f8rnequiz\" href=\"https:\/\/xn--quizsprsml-95a8t.com\/da\/ordbog\/bornequiz\/\" >B\u00f8rnequiz<\/a><\/li><li class=\"wpg-list-item\"><a class=\"wpg-list-item-title\" title=\"Billedquiz\" href=\"https:\/\/xn--quizsprsml-95a8t.com\/da\/ordbog\/billedquiz\/\" >Billedquiz<\/a><\/li><\/ul><\/div><div class=\"wpg-list-block wpg-filter-f mix\" data-filter-base=\"f\"><h3 class=\"wpg-list-block-heading\">F<\/h3><ul class=\"wpg-list-items\"><li class=\"wpg-list-item\"><a class=\"wpg-list-item-title\" title=\"familiequiz\" href=\"https:\/\/xn--quizsprsml-95a8t.com\/da\/ordbog\/familiequiz\/\" >familiequiz<\/a><\/li><\/ul><\/div><div class=\"wpg-list-block wpg-filter-g mix\" data-filter-base=\"g\"><h3 class=\"wpg-list-block-heading\">G<\/h3><ul class=\"wpg-list-items\"><li class=\"wpg-list-item\"><a class=\"wpg-list-item-title\" title=\"gratis quiz\" href=\"https:\/\/xn--quizsprsml-95a8t.com\/da\/ordbog\/gratis-quiz\/\" >gratis quiz<\/a><\/li><\/ul><\/div><div class=\"wpg-list-block wpg-filter-j mix\" data-filter-base=\"j\"><h3 class=\"wpg-list-block-heading\">J<\/h3><ul class=\"wpg-list-items\"><li class=\"wpg-list-item\"><a class=\"wpg-list-item-title\" title=\"julefrokostquiz\" href=\"https:\/\/xn--quizsprsml-95a8t.com\/da\/ordbog\/julefrokostquiz\/\" >julefrokostquiz<\/a><\/li><\/ul><\/div><div class=\"wpg-list-block wpg-filter-m mix\" data-filter-base=\"m\"><h3 class=\"wpg-list-block-heading\">M<\/h3><ul class=\"wpg-list-items\"><li class=\"wpg-list-item\"><a class=\"wpg-list-item-title\" title=\"Minestryger historie\" href=\"https:\/\/xn--quizsprsml-95a8t.com\/da\/ordbog\/minesweeper-historie\/\" >Minestryger historie<\/a><\/li><li class=\"wpg-list-item\"><a class=\"wpg-list-item-title\" title=\"minestryger quiz\" href=\"https:\/\/xn--quizsprsml-95a8t.com\/da\/ordbog\/minestryger-quiz\/\" >minestryger quiz<\/a><\/li><li class=\"wpg-list-item\"><a class=\"wpg-list-item-title\" title=\"Minestryger regler\" href=\"https:\/\/xn--quizsprsml-95a8t.com\/da\/ordbog\/minesweeper-regler\/\" >Minestryger regler<\/a><\/li><li class=\"wpg-list-item\"><a class=\"wpg-list-item-title\" title=\"Minestryger -strategi\" href=\"https:\/\/xn--quizsprsml-95a8t.com\/da\/ordbog\/minestryger-strategi\/\" >Minestryger -strategi<\/a><\/li><li class=\"wpg-list-item\"><a class=\"wpg-list-item-title\" title=\"minestryger varianter\" href=\"https:\/\/xn--quizsprsml-95a8t.com\/da\/ordbog\/minestryger-varianter\/\" >minestryger varianter<\/a><\/li><li class=\"wpg-list-item\"><a class=\"wpg-list-item-title\" title=\"minestryger\" href=\"https:\/\/xn--quizsprsml-95a8t.com\/da\/ordbog\/minestryger\/\" >minestryger<\/a><\/li><\/ul><\/div><div class=\"wpg-list-block wpg-filter-p mix\" data-filter-base=\"p\"><h3 class=\"wpg-list-block-heading\">P<\/h3><ul class=\"wpg-list-items\"><li class=\"wpg-list-item\"><a class=\"wpg-list-item-title\" title=\"point system\" href=\"https:\/\/xn--quizsprsml-95a8t.com\/da\/ordbog\/point-system\/\" >point system<\/a><\/li><\/ul><\/div><div class=\"wpg-list-block wpg-filter-q mix\" data-filter-base=\"q\"><h3 class=\"wpg-list-block-heading\">Q<\/h3><ul class=\"wpg-list-items\"><li class=\"wpg-list-item\"><a class=\"wpg-list-item-title\" title=\"quizmaster\" href=\"https:\/\/xn--quizsprsml-95a8t.com\/da\/ordbog\/quizmaster\/\" >quizmaster<\/a><\/li><li class=\"wpg-list-item\"><a class=\"wpg-list-item-title\" title=\"quizrunde\" href=\"https:\/\/xn--quizsprsml-95a8t.com\/da\/ordbog\/quizrunde\/\" >quizrunde<\/a><\/li><li class=\"wpg-list-item\"><a class=\"wpg-list-item-title\" title=\"quizsp\u00f8rgsm\u00e5l for b\u00f8rn\" href=\"https:\/\/xn--quizsprsml-95a8t.com\/da\/ordbog\/quizsporsmal-for-barn\/\" >quizsp\u00f8rgsm\u00e5l for b\u00f8rn<\/a><\/li><\/ul><\/div><\/div><div class=\"wpg-clearfix\"><\/div><\/div>\n\t<\/div>\n<\/div>\n\n\n\n\n\t\t<\/div> \n\t<\/div>\n\t<\/div> \n<\/div><\/div>\n\t\t\t<\/div> \n\t\t<\/div>\n\t<\/div> \n<\/div><\/div>","protected":false},"excerpt":{"rendered":"Quizsp\u00f8rsm\u00e5l for barn HVA ER QUIZSP\u00d8RSM\u00c5L FOR BARN? N\u00e5r du planlegger quizkveld, bursdag eller familiedag med barn, er gode quizsp\u00f8rsm\u00e5l for barn selve grunnmuren i opplegget ditt. Det handler ikke bare om at sp\u00f8rsm\u00e5lene skal v\u00e6re enkle nok, men at de treffer hverdagen, interessene og humoren til barna som er med. Riktig niv\u00e5 gj\u00f8r at barna t\u00f8r \u00e5 gjette, ler sammen og f\u00e5r lyst til \u00e5 fortsette, mens for vanskelige...","protected":false},"author":7,"featured_media":0,"parent":0,"menu_order":0,"comment_status":"closed","ping_status":"closed","template":"","meta":{"_acf_changed":false,"inline_featured_image":false,"_glsr_average":0,"_glsr_ranking":0,"_glsr_reviews":0,"footnotes":""},"class_list":["post-11232","page","type-page","status-publish"],"acf":[],"aioseo_notices":[],"aioseo_head":"\n\t\t<!-- All in One SEO Pro 4.8.1.1 - aioseo.com -->\n\t<meta name=\"description\" content=\"L\u00e6r hvordan du lager gode quizsp\u00f8rsm\u00e5l for barn til bursdag, skole, klubb og pubquiz. Konkrete eksempler, niv\u00e5tips og praktiske r\u00e5d til quizverter.\" \/>\n\t<meta name=\"robots\" content=\"max-image-preview:large\" \/>\n\t<link rel=\"canonical\" href=\"https:\/\/xn--quizsprsml-95a8t.com\/da\/ordbog\/quizsporsmal-for-barn\/\" \/>\n\t<meta name=\"generator\" content=\"All in One SEO Pro (AIOSEO) 4.8.1.1\" \/>\n\t\t<meta property=\"og:locale\" content=\"da_DK\" \/>\n\t\t<meta property=\"og:site_name\" content=\"Quizsp\u00f8rsm\u00e5l -\" \/>\n\t\t<meta property=\"og:type\" content=\"article\" \/>\n\t\t<meta property=\"og:title\" content=\"Quizsp\u00f8rsm\u00e5l for barn \u2013 tips, niv\u00e5 og eksempler\" \/>\n\t\t<meta property=\"og:description\" content=\"L\u00e6r hvordan du lager gode quizsp\u00f8rsm\u00e5l for barn til bursdag, skole, klubb og pubquiz. Konkrete eksempler, niv\u00e5tips og praktiske r\u00e5d til quizverter.\" \/>\n\t\t<meta property=\"og:url\" content=\"https:\/\/xn--quizsprsml-95a8t.com\/da\/ordbog\/quizsporsmal-for-barn\/\" \/>\n\t\t<meta property=\"og:image\" content=\"https:\/\/xn--quizsprsml-95a8t.com\/wp-content\/uploads\/2025\/09\/sportsforum-logo-for-seo.webp\" \/>\n\t\t<meta property=\"og:image:secure_url\" content=\"https:\/\/xn--quizsprsml-95a8t.com\/wp-content\/uploads\/2025\/09\/sportsforum-logo-for-seo.webp\" \/>\n\t\t<meta property=\"article:published_time\" content=\"2026-03-30T17:34:38+00:00\" \/>\n\t\t<meta property=\"article:modified_time\" content=\"2026-03-30T17:35:31+00:00\" \/>\n\t\t<meta name=\"twitter:card\" content=\"summary_large_image\" \/>\n\t\t<meta name=\"twitter:site\" content=\"@MarekProch97105\" \/>\n\t\t<meta name=\"twitter:title\" content=\"Quizsp\u00f8rsm\u00e5l for barn \u2013 tips, niv\u00e5 og eksempler\" \/>\n\t\t<meta name=\"twitter:description\" content=\"L\u00e6r hvordan du lager gode quizsp\u00f8rsm\u00e5l for barn til bursdag, skole, klubb og pubquiz. Konkrete eksempler, niv\u00e5tips og praktiske r\u00e5d til quizverter.\" \/>\n\t\t<meta name=\"twitter:creator\" content=\"@MarekProch97105\" \/>\n\t\t<meta name=\"twitter:image\" content=\"https:\/\/xn--quizsprsml-95a8t.com\/wp-content\/uploads\/2025\/09\/sportsforum-logo-for-seo.webp\" \/>\n\t\t<script type=\"application\/ld+json\" class=\"aioseo-schema\">\n\t\t\t{\"@context\":\"https:\\\/\\\/schema.org\",\"@graph\":[{\"@type\":\"BreadcrumbList\",\"@id\":\"https:\\\/\\\/xn--quizsprsml-95a8t.com\\\/da\\\/ordbog\\\/quizsporsmal-for-barn\\\/#breadcrumblist\",\"itemListElement\":[{\"@type\":\"ListItem\",\"@id\":\"https:\\\/\\\/xn--quizsprsml-95a8t.com\\\/da\\\/#listItem\",\"position\":1,\"name\":\"Home\",\"item\":\"https:\\\/\\\/xn--quizsprsml-95a8t.com\\\/da\\\/\",\"nextItem\":{\"@type\":\"ListItem\",\"@id\":\"https:\\\/\\\/xn--quizsprsml-95a8t.com\\\/da\\\/ordbog\\\/quizsporsmal-for-barn\\\/#listItem\",\"name\":\"quizsp\\u00f8rsm\\u00e5l for barn\"}},{\"@type\":\"ListItem\",\"@id\":\"https:\\\/\\\/xn--quizsprsml-95a8t.com\\\/da\\\/ordbog\\\/quizsporsmal-for-barn\\\/#listItem\",\"position\":2,\"name\":\"quizsp\\u00f8rsm\\u00e5l for barn\",\"previousItem\":{\"@type\":\"ListItem\",\"@id\":\"https:\\\/\\\/xn--quizsprsml-95a8t.com\\\/da\\\/#listItem\",\"name\":\"Home\"}}]},{\"@type\":\"Organization\",\"@id\":\"https:\\\/\\\/xn--quizsprsml-95a8t.com\\\/da\\\/#organization\",\"name\":\"Quizsp\\u00f8rsm\\u00e5l\",\"url\":\"https:\\\/\\\/xn--quizsprsml-95a8t.com\\\/da\\\/\",\"sameAs\":[\"https:\\\/\\\/x.com\\\/MarekProch97105\",\"https:\\\/\\\/www.linkedin.com\\\/in\\\/marek-prochzka-a44875328\\\/\"]},{\"@type\":\"Person\",\"@id\":\"https:\\\/\\\/xn--quizsprsml-95a8t.com\\\/da\\\/inlaggsforfattare\\\/marek-prochazka#author\",\"url\":\"https:\\\/\\\/xn--quizsprsml-95a8t.com\\\/da\\\/inlaggsforfattare\\\/marek-prochazka\",\"name\":\"Marek Prochazka\",\"image\":{\"@type\":\"ImageObject\",\"url\":\"https:\\\/\\\/xn--quizsprsml-95a8t.com\\\/wp-content\\\/uploads\\\/2024\\\/07\\\/cropped-Reduced1_shutterstock_2188071443-1-e1726160946634.jpg\"}},{\"@type\":\"WebPage\",\"@id\":\"https:\\\/\\\/xn--quizsprsml-95a8t.com\\\/da\\\/ordbog\\\/quizsporsmal-for-barn\\\/#webpage\",\"url\":\"https:\\\/\\\/xn--quizsprsml-95a8t.com\\\/da\\\/ordbog\\\/quizsporsmal-for-barn\\\/\",\"name\":\"Quizsp\\u00f8rsm\\u00e5l for barn \\u2013 tips, niv\\u00e5 og eksempler\",\"description\":\"L\\u00e6r hvordan du lager gode quizsp\\u00f8rsm\\u00e5l for barn til bursdag, skole, klubb og pubquiz. Konkrete eksempler, niv\\u00e5tips og praktiske r\\u00e5d til quizverter.\",\"inLanguage\":\"da-DK\",\"isPartOf\":{\"@id\":\"https:\\\/\\\/xn--quizsprsml-95a8t.com\\\/da\\\/#website\"},\"breadcrumb\":{\"@id\":\"https:\\\/\\\/xn--quizsprsml-95a8t.com\\\/da\\\/ordbog\\\/quizsporsmal-for-barn\\\/#breadcrumblist\"},\"author\":{\"@id\":\"https:\\\/\\\/xn--quizsprsml-95a8t.com\\\/da\\\/inlaggsforfattare\\\/marek-prochazka#author\"},\"creator\":{\"@id\":\"https:\\\/\\\/xn--quizsprsml-95a8t.com\\\/da\\\/inlaggsforfattare\\\/marek-prochazka#author\"},\"datePublished\":\"2026-03-30T17:34:38+00:00\",\"dateModified\":\"2026-03-30T17:35:31+00:00\"},{\"@type\":\"WebSite\",\"@id\":\"https:\\\/\\\/xn--quizsprsml-95a8t.com\\\/da\\\/#website\",\"url\":\"https:\\\/\\\/xn--quizsprsml-95a8t.com\\\/da\\\/\",\"name\":\"Quizsp\\u00f8rsm\\u00e5l\",\"inLanguage\":\"da-DK\",\"publisher\":{\"@id\":\"https:\\\/\\\/xn--quizsprsml-95a8t.com\\\/da\\\/#organization\"}}]}\n\t\t<\/script>\n\t\t<!-- All in One SEO Pro -->\r\n\t\t<title>Quizsp\u00f8rsm\u00e5l for barn \u2013 tips, niv\u00e5 og eksempler<\/title>\n\n","aioseo_head_json":{"title":"Quizsp\u00f8rsm\u00e5l for barn \u2013 tips, niv\u00e5 og eksempler","description":"L\u00e6r hvordan du lager gode quizsp\u00f8rsm\u00e5l for barn til bursdag, skole, klubb og pubquiz. Konkrete eksempler, niv\u00e5tips og praktiske r\u00e5d til quizverter.","canonical_url":"https:\/\/xn--quizsprsml-95a8t.com\/da\/ordbog\/quizsporsmal-for-barn\/","robots":"max-image-preview:large","keywords":"","webmasterTools":{"miscellaneous":""},"schema":{"@context":"https:\/\/schema.org","@graph":[{"@type":"BreadcrumbList","@id":"https:\/\/xn--quizsprsml-95a8t.com\/da\/ordbog\/quizsporsmal-for-barn\/#breadcrumblist","itemListElement":[{"@type":"ListItem","@id":"https:\/\/xn--quizsprsml-95a8t.com\/da\/#listItem","position":1,"name":"Home","item":"https:\/\/xn--quizsprsml-95a8t.com\/da\/","nextItem":{"@type":"ListItem","@id":"https:\/\/xn--quizsprsml-95a8t.com\/da\/ordbog\/quizsporsmal-for-barn\/#listItem","name":"quizsp\u00f8rsm\u00e5l for barn"}},{"@type":"ListItem","@id":"https:\/\/xn--quizsprsml-95a8t.com\/da\/ordbog\/quizsporsmal-for-barn\/#listItem","position":2,"name":"quizsp\u00f8rsm\u00e5l for barn","previousItem":{"@type":"ListItem","@id":"https:\/\/xn--quizsprsml-95a8t.com\/da\/#listItem","name":"Home"}}]},{"@type":"Organization","@id":"https:\/\/xn--quizsprsml-95a8t.com\/da\/#organization","name":"Quizsp\u00f8rsm\u00e5l","url":"https:\/\/xn--quizsprsml-95a8t.com\/da\/","sameAs":["https:\/\/x.com\/MarekProch97105","https:\/\/www.linkedin.com\/in\/marek-prochzka-a44875328\/"]},{"@type":"Person","@id":"https:\/\/xn--quizsprsml-95a8t.com\/da\/inlaggsforfattare\/marek-prochazka#author","url":"https:\/\/xn--quizsprsml-95a8t.com\/da\/inlaggsforfattare\/marek-prochazka","name":"Marek Prochazka","image":{"@type":"ImageObject","url":"https:\/\/xn--quizsprsml-95a8t.com\/wp-content\/uploads\/2024\/07\/cropped-Reduced1_shutterstock_2188071443-1-e1726160946634.jpg"}},{"@type":"WebPage","@id":"https:\/\/xn--quizsprsml-95a8t.com\/da\/ordbog\/quizsporsmal-for-barn\/#webpage","url":"https:\/\/xn--quizsprsml-95a8t.com\/da\/ordbog\/quizsporsmal-for-barn\/","name":"Quizsp\u00f8rsm\u00e5l for barn \u2013 tips, niv\u00e5 og eksempler","description":"L\u00e6r hvordan du lager gode quizsp\u00f8rsm\u00e5l for barn til bursdag, skole, klubb og pubquiz. Konkrete eksempler, niv\u00e5tips og praktiske r\u00e5d til quizverter.","inLanguage":"da-DK","isPartOf":{"@id":"https:\/\/xn--quizsprsml-95a8t.com\/da\/#website"},"breadcrumb":{"@id":"https:\/\/xn--quizsprsml-95a8t.com\/da\/ordbog\/quizsporsmal-for-barn\/#breadcrumblist"},"author":{"@id":"https:\/\/xn--quizsprsml-95a8t.com\/da\/inlaggsforfattare\/marek-prochazka#author"},"creator":{"@id":"https:\/\/xn--quizsprsml-95a8t.com\/da\/inlaggsforfattare\/marek-prochazka#author"},"datePublished":"2026-03-30T17:34:38+00:00","dateModified":"2026-03-30T17:35:31+00:00"},{"@type":"WebSite","@id":"https:\/\/xn--quizsprsml-95a8t.com\/da\/#website","url":"https:\/\/xn--quizsprsml-95a8t.com\/da\/","name":"Quizsp\u00f8rsm\u00e5l","inLanguage":"da-DK","publisher":{"@id":"https:\/\/xn--quizsprsml-95a8t.com\/da\/#organization"}}]},"og:locale":"da_DK","og:site_name":"Quizsp\u00f8rsm\u00e5l -","og:type":"article","og:title":"Quizsp\u00f8rsm\u00e5l for barn \u2013 tips, niv\u00e5 og eksempler","og:description":"L\u00e6r hvordan du lager gode quizsp\u00f8rsm\u00e5l for barn til bursdag, skole, klubb og pubquiz. Konkrete eksempler, niv\u00e5tips og praktiske r\u00e5d til quizverter.","og:url":"https:\/\/xn--quizsprsml-95a8t.com\/da\/ordbog\/quizsporsmal-for-barn\/","og:image":"https:\/\/xn--quizsprsml-95a8t.com\/wp-content\/uploads\/2025\/09\/sportsforum-logo-for-seo.webp","og:image:secure_url":"https:\/\/xn--quizsprsml-95a8t.com\/wp-content\/uploads\/2025\/09\/sportsforum-logo-for-seo.webp","article:published_time":"2026-03-30T17:34:38+00:00","article:modified_time":"2026-03-30T17:35:31+00:00","twitter:card":"summary_large_image","twitter:site":"@MarekProch97105","twitter:title":"Quizsp\u00f8rsm\u00e5l for barn \u2013 tips, niv\u00e5 og eksempler","twitter:description":"L\u00e6r hvordan du lager gode quizsp\u00f8rsm\u00e5l for barn til bursdag, skole, klubb og pubquiz. Konkrete eksempler, niv\u00e5tips og praktiske r\u00e5d til quizverter.","twitter:creator":"@MarekProch97105","twitter:image":"https:\/\/xn--quizsprsml-95a8t.com\/wp-content\/uploads\/2025\/09\/sportsforum-logo-for-seo.webp"},"aioseo_meta_data":{"post_id":"11232","title":"Ordbog - sportsudtryk og -begreber p\u00e5 Quizquestions.com","description":"Quiz sp\u00f8rgsm\u00e5l ordbog: Find forklaringer og eksempler p\u00e5 sportsudtryk, slang og begreber, der bruges i diskussioner p\u00e5 Quiz Questions.com - for sportsentusiaster.","keywords":null,"keyphrases":{"focus":{"keyphrase":"Ordbok","score":80,"analysis":{"keyphraseInTitle":{"score":9,"maxScore":9,"error":0},"keyphraseInDescription":{"score":9,"maxScore":9,"error":0},"keyphraseLength":{"score":9,"maxScore":9,"error":0,"length":1},"keyphraseInURL":{"score":5,"maxScore":5,"error":0},"keyphraseInIntroduction":{"score":3,"maxScore":9,"error":1},"keyphraseInSubHeadings":{"score":3,"maxScore":9,"error":1},"keyphraseInImageAlt":[],"keywordDensity":{"type":"best","score":9,"maxScore":9,"error":0}}},"additional":[]},"primary_term":null,"canonical_url":null,"og_title":null,"og_description":null,"og_object_type":"default","og_image_type":"default","og_image_url":null,"og_image_width":null,"og_image_height":null,"og_image_custom_url":null,"og_image_custom_fields":null,"og_video":"","og_custom_url":null,"og_article_section":null,"og_article_tags":null,"twitter_use_og":false,"twitter_card":"default","twitter_image_type":"default","twitter_image_url":null,"twitter_image_custom_url":null,"twitter_image_custom_fields":null,"twitter_title":null,"twitter_description":null,"schema":{"blockGraphs":[],"customGraphs":[],"default":{"data":{"Article":[],"Course":[],"Dataset":[],"FAQPage":[],"Movie":[],"Person":[],"Product":[],"ProductReview":[],"Car":[],"Recipe":[],"Service":[],"SoftwareApplication":[],"WebPage":[]},"graphName":"WebPage","isEnabled":true},"graphs":[]},"schema_type":"default","schema_type_options":null,"pillar_content":false,"robots_default":true,"robots_noindex":false,"robots_noarchive":false,"robots_nosnippet":false,"robots_nofollow":false,"robots_noimageindex":false,"robots_noodp":false,"robots_notranslate":false,"robots_max_snippet":"-1","robots_max_videopreview":"-1","robots_max_imagepreview":"large","priority":null,"frequency":"default","local_seo":null,"limit_modified_date":false,"reviewed_by":null,"open_ai":{"title":{"suggestions":[],"usage":0},"description":{"suggestions":[],"usage":0}},"created":"2025-01-16 11:26:45","updated":"2026-02-26 15:26:14"},"aioseo_breadcrumb":"<div class=\"aioseo-breadcrumbs\"><span class=\"aioseo-breadcrumb\">\n\t<a href=\"https:\/\/xn--quizsprsml-95a8t.com\/da\" title=\"Hjem\">Hjem<\/a>\n<\/span><span class=\"aioseo-breadcrumb-separator\">&gt;<\/span><span class=\"aioseo-breadcrumb\">\n\tOrdbok\n<\/span><\/div>","aioseo_breadcrumb_json":[{"label":"Hjem","link":"https:\/\/xn--quizsprsml-95a8t.com\/da"},{"label":"Ordbok","link":"https:\/\/xn--quizsprsml-95a8t.com\/da\/ordbog\/"}],"_links":{"self":[{"href":"https:\/\/xn--quizsprsml-95a8t.com\/da\/wp-json\/wp\/v2\/pages\/11232","targetHints":{"allow":["GET"]}}],"collection":[{"href":"https:\/\/xn--quizsprsml-95a8t.com\/da\/wp-json\/wp\/v2\/pages"}],"about":[{"href":"https:\/\/xn--quizsprsml-95a8t.com\/da\/wp-json\/wp\/v2\/types\/page"}],"author":[{"embeddable":true,"href":"https:\/\/xn--quizsprsml-95a8t.com\/da\/wp-json\/wp\/v2\/users\/7"}],"replies":[{"embeddable":true,"href":"https:\/\/xn--quizsprsml-95a8t.com\/da\/wp-json\/wp\/v2\/comments?post=11232"}],"version-history":[{"count":4,"href":"https:\/\/xn--quizsprsml-95a8t.com\/da\/wp-json\/wp\/v2\/pages\/11232\/revisions"}],"predecessor-version":[{"id":15376,"href":"https:\/\/xn--quizsprsml-95a8t.com\/da\/wp-json\/wp\/v2\/pages\/11232\/revisions\/15376"}],"wp:attachment":[{"href":"https:\/\/xn--quizsprsml-95a8t.com\/da\/wp-json\/wp\/v2\/media?parent=11232"}],"curies":[{"name":"wp","href":"https:\/\/api.w.org\/{rel}","templated":true}]}}