{"id":10562,"date":"2024-11-26T16:56:34","date_gmt":"2024-11-26T16:56:34","guid":{"rendered":"https:\/\/xn--quizsprsml-95a8t.com\/?page_id=10562"},"modified":"2026-01-29T15:27:51","modified_gmt":"2026-01-29T15:27:51","slug":"sitemap","status":"publish","type":"page","link":"https:\/\/xn--quizsprsml-95a8t.com\/da\/sitemap\/","title":{"rendered":"Kort over webstedet"},"content":{"rendered":"<div id=\"fws_69e38bb002a83\"  data-column-margin=\"default\" data-midnight=\"dark\"  class=\"wpb_row vc_row-fluid vc_row\"  style=\"padding-top: 0px; padding-bottom: 0px; \"><div class=\"row-bg-wrap\" data-bg-animation=\"none\" data-bg-animation-delay=\"\" data-bg-overlay=\"false\"><div class=\"inner-wrap row-bg-layer\" ><div class=\"row-bg viewport-desktop\"  style=\"\"><\/div><\/div><\/div><div class=\"row_col_wrap_12 col span_12 dark left\">\n\t<div  class=\"vc_col-sm-12 wpb_column column_container vc_column_container col no-extra-padding inherit_tablet inherit_phone\"  data-padding-pos=\"all\" data-has-bg-color=\"false\" data-bg-color=\"\" data-bg-opacity=\"1\" data-animation=\"\" data-delay=\"0\" >\n\t\t<div class=\"vc_column-inner\" >\n\t\t\t<div class=\"wpb_wrapper\">\n\t\t\t\t\n<div class=\"wpb_text_column wpb_content_element\" >\n\t<div class=\"wpb_wrapper\">\n\t\t<div class=\"aioseo-breadcrumbs\"><span class=\"aioseo-breadcrumb\">\n\tStartside\n<\/span><\/div>\n\t<\/div>\n<\/div>\n\n\n\n\n\t\t\t<\/div> \n\t\t<\/div>\n\t<\/div> \n<\/div><\/div>\n\t\t<div id=\"fws_69e38bb00345a\"  data-column-margin=\"default\" data-midnight=\"dark\"  class=\"wpb_row vc_row-fluid vc_row\"  style=\"padding-top: 0px; padding-bottom: 0px; \"><div class=\"row-bg-wrap\" data-bg-animation=\"none\" data-bg-animation-delay=\"\" data-bg-overlay=\"false\"><div class=\"inner-wrap row-bg-layer\" ><div class=\"row-bg viewport-desktop\"  style=\"\"><\/div><\/div><\/div><div class=\"row_col_wrap_12 col span_12 dark left\">\n\t<div  class=\"vc_col-sm-12 wpb_column column_container vc_column_container col no-extra-padding inherit_tablet inherit_phone\"  data-padding-pos=\"all\" data-has-bg-color=\"false\" data-bg-color=\"\" data-bg-opacity=\"1\" data-animation=\"\" data-delay=\"0\" >\n\t\t<div class=\"vc_column-inner\" >\n\t\t\t<div class=\"wpb_wrapper\">\n\t\t\t\t<h1 style=\"text-align: left\" class=\"vc_custom_heading vc_do_custom_heading\" >Kort over webstedet<\/h1>\n\t\t\t<\/div> \n\t\t<\/div>\n\t<\/div> \n<\/div><\/div>\n\t\t<div id=\"fws_69e38bb0036e0\"  data-column-margin=\"none\" data-midnight=\"dark\"  class=\"wpb_row vc_row-fluid vc_row\"  style=\"padding-top: 0px; padding-bottom: 0px; \"><div class=\"row-bg-wrap\" data-bg-animation=\"none\" data-bg-animation-delay=\"\" data-bg-overlay=\"false\"><div class=\"inner-wrap row-bg-layer\" ><div class=\"row-bg viewport-desktop\"  style=\"\"><\/div><\/div><\/div><div class=\"row_col_wrap_12 col span_12 dark left\">\n\t<div  class=\"vc_col-sm-12 wpb_column column_container vc_column_container col no-extra-padding inherit_tablet inherit_phone\"  data-padding-pos=\"all\" data-has-bg-color=\"false\" data-bg-color=\"\" data-bg-opacity=\"1\" data-animation=\"\" data-delay=\"0\" >\n\t\t<div class=\"vc_column-inner\" >\n\t\t\t<div class=\"wpb_wrapper\">\n\t\t\t\t\n<div class=\"wpb_text_column wpb_content_element\" >\n\t<div class=\"wpb_wrapper\">\n\t\t<div class=\"aioseo-html-sitemap\"><style>.aioseo-html-sitemap.labels-hidden ul { margin: 0; }<\/style><div class=\"aioseo-html-post-sitemap\"><h4>Indl\u00e6g<\/h4><ul><li><a href=\"https:\/\/xn--quizsprsml-95a8t.com\/da\/sjov-trivia-quiz\/\" >sjove quiz-sp\u00f8rgsm\u00e5l<\/a><\/li><li><a href=\"https:\/\/xn--quizsprsml-95a8t.com\/da\/quiz-for-born\/\" >Quiz for b\u00f8rn<\/a><\/li><li><a href=\"https:\/\/xn--quizsprsml-95a8t.com\/da\/quiz-for-voksne-med-svar\/\" >Quiz for voksne med svar<\/a><\/li><li><a href=\"https:\/\/xn--quizsprsml-95a8t.com\/da\/quiz-for-familien\/\" >Quiz for familien<\/a><\/li><li><a href=\"https:\/\/xn--quizsprsml-95a8t.com\/da\/nem-quiz-for-voksne\/\" >Nem quiz for voksne<\/a><\/li><li><a href=\"https:\/\/xn--quizsprsml-95a8t.com\/da\/quiz-for-born-10-12-ar\/\" >Quiz for b\u00f8rn p\u00e5 10-12 \u00e5r<\/a><\/li><li><a href=\"https:\/\/xn--quizsprsml-95a8t.com\/da\/quiz-for-born-7-8-ar\/\" >Quiz for b\u00f8rn i alderen 7 til 8 \u00e5r<\/a><\/li><li><a href=\"https:\/\/xn--quizsprsml-95a8t.com\/da\/hylende-morsom-quiz\/\" >hylende morsom quiz<\/a><\/li><li><a href=\"https:\/\/xn--quizsprsml-95a8t.com\/da\/sjov-quiz\/\" >Sjov quiz<\/a><\/li><li><a href=\"https:\/\/xn--quizsprsml-95a8t.com\/da\/sjov-quiz-til-en-fest\/\" >Sjov quiz til en fest<\/a><\/li><li><a href=\"https:\/\/xn--quizsprsml-95a8t.com\/da\/seje-quizzer-sporsmal\/\" >Seje quiz-sp\u00f8rgsm\u00e5l<\/a><\/li><li><a href=\"https:\/\/xn--quizsprsml-95a8t.com\/da\/sjov-quiz-til-din-julefrokost\/\" >Sjov quiz til din julefrokost<\/a><\/li><li><a href=\"https:\/\/xn--quizsprsml-95a8t.com\/da\/quiz-for-voksne-fest\/\" >quiz for voksne fest<\/a><\/li><li><a href=\"https:\/\/xn--quizsprsml-95a8t.com\/da\/skabelon-til-sjov-quiz-for-voksne\/\" >sjove quizsp\u00f8rgsm\u00e5l til voksne<\/a><\/li><li><a href=\"https:\/\/xn--quizsprsml-95a8t.com\/da\/sjov-quiz-sportsmal-barn\/\" >sjove quizsp\u00f8rgsm\u00e5l til b\u00f8rn<\/a><\/li><li><a href=\"https:\/\/xn--quizsprsml-95a8t.com\/da\/sjov-quiz-for-born\/\" >Sjov quiz for b\u00f8rn<\/a><\/li><li><a href=\"https:\/\/xn--quizsprsml-95a8t.com\/da\/sjov-quiz-om-norge\/\" >sjov quiz om Norge<\/a><\/li><li><a href=\"https:\/\/xn--quizsprsml-95a8t.com\/da\/quiz-sporgsmal-og-svar\/\" >quiz sp\u00f8rgsm\u00e5l og svar<\/a><\/li><li><a href=\"https:\/\/xn--quizsprsml-95a8t.com\/da\/typiske-quiz-sporgsmal\/\" >typiske quiz-sp\u00f8rgsm\u00e5l<\/a><\/li><li><a href=\"https:\/\/xn--quizsprsml-95a8t.com\/da\/gode-quiz-sporgsmal\/\" >gode quizsp\u00f8rgsm\u00e5l<\/a><\/li><li><a href=\"https:\/\/xn--quizsprsml-95a8t.com\/da\/minestryger\/\" >minesweepere quiz<\/a><\/li><li><a href=\"https:\/\/xn--quizsprsml-95a8t.com\/da\/blockez\/\" >blockez quiz<\/a><\/li><li><a href=\"https:\/\/xn--quizsprsml-95a8t.com\/da\/playworld\/\" >playworld quiz<\/a><\/li><li><a href=\"https:\/\/xn--quizsprsml-95a8t.com\/da\/poppa-chips\/\" >poppa chips quiz<\/a><\/li><li><a href=\"https:\/\/xn--quizsprsml-95a8t.com\/da\/pulsespill\/\" >pulsespill quiz<\/a><\/li><li><a href=\"https:\/\/xn--quizsprsml-95a8t.com\/da\/ragdoll\/\" >ragdoll quiz<\/a><\/li><li><a href=\"https:\/\/xn--quizsprsml-95a8t.com\/da\/gjort-gammeldags-kryssord\/\" >gjort gammeldags kryssord<\/a><\/li><li><a href=\"https:\/\/xn--quizsprsml-95a8t.com\/da\/masterboard\/\" >masterboard quiz<\/a><\/li><li><a href=\"https:\/\/xn--quizsprsml-95a8t.com\/da\/crazygames-quiz\/\" >crazygames quiz<\/a><\/li><\/ul><\/div><br \/><div class=\"aioseo-html-page-sitemap\"><h4>Sider<\/h4><ul><li><a href=\"https:\/\/xn--quizsprsml-95a8t.com\/da\/\" >Homepage<\/a><\/li><li><a href=\"https:\/\/xn--quizsprsml-95a8t.com\/da\/om-quiz-sport-skabelon\/\" >Om quizsp\u00f8rgsm\u00e5l<\/a><\/li><li><a href=\"https:\/\/xn--quizsprsml-95a8t.com\/da\/vilkar-og-betingelser\/\" >Vilk\u00e5r og betingelser<\/a><\/li><li><a href=\"https:\/\/xn--quizsprsml-95a8t.com\/da\/kontakt\/\" >Kontakt os<\/a><\/li><li><a href=\"https:\/\/xn--quizsprsml-95a8t.com\/da\/cookies-til-quizsporsmal-com\/\" >Cookies til Quizsp\u00f8rsm\u00e5l.com<\/a><\/li><li><a href=\"https:\/\/xn--quizsprsml-95a8t.com\/da\/sitemap\/\" >Kort over webstedet<\/a><\/li><li><a href=\"https:\/\/xn--quizsprsml-95a8t.com\/da\/ordbog\/\" >Ordbog<\/a><\/li><li><a href=\"https:\/\/xn--quizsprsml-95a8t.com\/da\/persondatapolitik-for-quizsporgsmal\/\" >Privatlivspolitik for quizsp\u00f8rgsm\u00e5l<\/a><\/li><\/ul><\/div><br \/><div class=\"aioseo-html-inlaggsforfattare-sitemap\"><h4>Post Authors<\/h4><ul><li><a href=\"https:\/\/xn--quizsprsml-95a8t.com\/da\/indlaegsforfatter\/marek-prochazka\/\" >Marek Proch\u00e1zka<\/a><\/li><\/ul><\/div><br \/><\/div>\n\t<\/div>\n<\/div>\n\n\n\n\n\t\t\t<\/div> \n\t\t<\/div>\n\t<\/div> \n<\/div><\/div>","protected":false},"excerpt":{"rendered":"Hjem Nettstedkart Indl\u00e6gmorsomme quiz sp\u00f8rsm\u00e5lquiz for barnquiz for voksne med svarquiz for familienlett quiz for voksnequiz for barn 10 12 \u00e5rquiz for barn 7 8 \u00e5rhysterisk morsom quizmorsom quizmorsom quiz til festkule quiz sp\u00f8rsm\u00e5lmorsom quiz til julebordquiz for voksne festmorsomme quiz sp\u00f8rsm\u00e5l voksnemorsomme quiz sp\u00f8rsm\u00e5l barnmorsom quiz for barnmorsom quiz om Norgequiz sp\u00f8rsm\u00e5l og svartypiske quiz sp\u00f8rsm\u00e5lgode quiz sp\u00f8rsm\u00e5lminesweepere quizblockez quizplayworld quizpoppa chips quizpulsespill quizragdoll quizgjort gammeldags kryssordmasterboard quizcrazygames quizSiderHomepageOm...","protected":false},"author":7,"featured_media":0,"parent":0,"menu_order":0,"comment_status":"closed","ping_status":"closed","template":"","meta":{"_acf_changed":false,"inline_featured_image":false,"_glsr_average":0,"_glsr_ranking":0,"_glsr_reviews":0,"footnotes":""},"class_list":["post-10562","page","type-page","status-publish"],"acf":[],"aioseo_notices":[],"aioseo_head":"\n\t\t<!-- All in One SEO Pro 4.8.1.1 - aioseo.com -->\n\t<meta name=\"description\" content=\"Nettstedkart F\u00e5 oversikt over quizer, kategorier og sp\u00f8rsm\u00e5l p\u00e5 Quizsp\u00f8rsm\u00e5l.com. Finn raskt morsomme quizer og sp\u00f8rrekonkurranser du kan spille direkte p\u00e5 nett\" \/>\n\t<meta name=\"robots\" content=\"max-image-preview:large\" \/>\n\t<link rel=\"canonical\" href=\"https:\/\/xn--quizsprsml-95a8t.com\/da\/sitemap\/\" \/>\n\t<meta name=\"generator\" content=\"All in One SEO Pro (AIOSEO) 4.8.1.1\" \/>\n\t\t<meta property=\"og:locale\" content=\"da_DK\" \/>\n\t\t<meta property=\"og:site_name\" content=\"Quizsp\u00f8rsm\u00e5l -\" \/>\n\t\t<meta property=\"og:type\" content=\"article\" \/>\n\t\t<meta property=\"og:title\" content=\"Nettstedkart Quizsp\u00f8rsm\u00e5l.com | Finn quizer raskt\" \/>\n\t\t<meta property=\"og:description\" content=\"Nettstedkart F\u00e5 oversikt over quizer, kategorier og sp\u00f8rsm\u00e5l p\u00e5 Quizsp\u00f8rsm\u00e5l.com. Finn raskt morsomme quizer og sp\u00f8rrekonkurranser du kan spille direkte p\u00e5 nett\" \/>\n\t\t<meta property=\"og:url\" content=\"https:\/\/xn--quizsprsml-95a8t.com\/da\/sitemap\/\" \/>\n\t\t<meta property=\"og:image\" content=\"https:\/\/xn--quizsprsml-95a8t.com\/wp-content\/uploads\/2025\/09\/sportsforum-logo-for-seo.webp\" \/>\n\t\t<meta property=\"og:image:secure_url\" content=\"https:\/\/xn--quizsprsml-95a8t.com\/wp-content\/uploads\/2025\/09\/sportsforum-logo-for-seo.webp\" \/>\n\t\t<meta property=\"article:published_time\" content=\"2024-11-26T16:56:34+00:00\" \/>\n\t\t<meta property=\"article:modified_time\" content=\"2026-01-29T15:27:51+00:00\" \/>\n\t\t<meta name=\"twitter:card\" content=\"summary_large_image\" \/>\n\t\t<meta name=\"twitter:site\" content=\"@MarekProch97105\" \/>\n\t\t<meta name=\"twitter:title\" content=\"Nettstedkart Quizsp\u00f8rsm\u00e5l.com | Finn quizer raskt\" \/>\n\t\t<meta name=\"twitter:description\" content=\"Nettstedkart F\u00e5 oversikt over quizer, kategorier og sp\u00f8rsm\u00e5l p\u00e5 Quizsp\u00f8rsm\u00e5l.com. Finn raskt morsomme quizer og sp\u00f8rrekonkurranser du kan spille direkte p\u00e5 nett\" \/>\n\t\t<meta name=\"twitter:creator\" content=\"@MarekProch97105\" \/>\n\t\t<meta name=\"twitter:image\" content=\"https:\/\/xn--quizsprsml-95a8t.com\/wp-content\/uploads\/2025\/09\/sportsforum-logo-for-seo.webp\" \/>\n\t\t<script type=\"application\/ld+json\" class=\"aioseo-schema\">\n\t\t\t{\"@context\":\"https:\\\/\\\/schema.org\",\"@graph\":[{\"@type\":\"BreadcrumbList\",\"@id\":\"https:\\\/\\\/xn--quizsprsml-95a8t.com\\\/da\\\/sitemap\\\/#breadcrumblist\",\"itemListElement\":[{\"@type\":\"ListItem\",\"@id\":\"https:\\\/\\\/xn--quizsprsml-95a8t.com\\\/da\\\/#listItem\",\"position\":1,\"name\":\"Home\",\"item\":\"https:\\\/\\\/xn--quizsprsml-95a8t.com\\\/da\\\/\",\"nextItem\":{\"@type\":\"ListItem\",\"@id\":\"https:\\\/\\\/xn--quizsprsml-95a8t.com\\\/da\\\/sitemap\\\/#listItem\",\"name\":\"Nettstedkart\"}},{\"@type\":\"ListItem\",\"@id\":\"https:\\\/\\\/xn--quizsprsml-95a8t.com\\\/da\\\/sitemap\\\/#listItem\",\"position\":2,\"name\":\"Nettstedkart\",\"previousItem\":{\"@type\":\"ListItem\",\"@id\":\"https:\\\/\\\/xn--quizsprsml-95a8t.com\\\/da\\\/#listItem\",\"name\":\"Home\"}}]},{\"@type\":\"Organization\",\"@id\":\"https:\\\/\\\/xn--quizsprsml-95a8t.com\\\/da\\\/#organization\",\"name\":\"Quizsp\\u00f8rsm\\u00e5l\",\"url\":\"https:\\\/\\\/xn--quizsprsml-95a8t.com\\\/da\\\/\",\"sameAs\":[\"https:\\\/\\\/x.com\\\/MarekProch97105\",\"https:\\\/\\\/www.linkedin.com\\\/in\\\/marek-prochzka-a44875328\\\/\"]},{\"@type\":\"WebPage\",\"@id\":\"https:\\\/\\\/xn--quizsprsml-95a8t.com\\\/da\\\/sitemap\\\/#webpage\",\"url\":\"https:\\\/\\\/xn--quizsprsml-95a8t.com\\\/da\\\/sitemap\\\/\",\"name\":\"Nettstedkart Quizsp\\u00f8rsm\\u00e5l.com | Finn quizer raskt\",\"description\":\"Nettstedkart F\\u00e5 oversikt over quizer, kategorier og sp\\u00f8rsm\\u00e5l p\\u00e5 Quizsp\\u00f8rsm\\u00e5l.com. Finn raskt morsomme quizer og sp\\u00f8rrekonkurranser du kan spille direkte p\\u00e5 nett\",\"inLanguage\":\"da-DK\",\"isPartOf\":{\"@id\":\"https:\\\/\\\/xn--quizsprsml-95a8t.com\\\/da\\\/#website\"},\"breadcrumb\":{\"@id\":\"https:\\\/\\\/xn--quizsprsml-95a8t.com\\\/da\\\/sitemap\\\/#breadcrumblist\"},\"datePublished\":\"2024-11-26T16:56:34+00:00\",\"dateModified\":\"2026-01-29T15:27:51+00:00\"},{\"@type\":\"WebSite\",\"@id\":\"https:\\\/\\\/xn--quizsprsml-95a8t.com\\\/da\\\/#website\",\"url\":\"https:\\\/\\\/xn--quizsprsml-95a8t.com\\\/da\\\/\",\"name\":\"Quizsp\\u00f8rsm\\u00e5l\",\"inLanguage\":\"da-DK\",\"publisher\":{\"@id\":\"https:\\\/\\\/xn--quizsprsml-95a8t.com\\\/da\\\/#organization\"}}]}\n\t\t<\/script>\n\t\t<!-- All in One SEO Pro -->\r\n\t\t<title>Nettstedkart Quizsp\u00f8rsm\u00e5l.com | Finn quizer raskt<\/title>\n\n","aioseo_head_json":{"title":"Websteds kort Quizsp\u00f8rsm\u00e5l.com | Find quizzer hurtigt","description":"Webstedskort F\u00e5 overblik over quizzer, kategorier og sp\u00f8rgsm\u00e5l p\u00e5 Quizsp\u00f8rsm\u00e5l.com. Find hurtigt sjove quizzer og konkurrencer, du kan spille direkte online","canonical_url":"https:\/\/xn--quizsprsml-95a8t.com\/da\/sitemap\/","robots":"max-image-preview:large","keywords":"","webmasterTools":{"miscellaneous":""},"schema":{"@context":"https:\/\/schema.org","@graph":[{"@type":"BreadcrumbList","@id":"https:\/\/xn--quizsprsml-95a8t.com\/da\/sitemap\/#breadcrumblist","itemListElement":[{"@type":"ListItem","@id":"https:\/\/xn--quizsprsml-95a8t.com\/da\/#listItem","position":1,"name":"Home","item":"https:\/\/xn--quizsprsml-95a8t.com\/da\/","nextItem":{"@type":"ListItem","@id":"https:\/\/xn--quizsprsml-95a8t.com\/da\/sitemap\/#listItem","name":"Nettstedkart"}},{"@type":"ListItem","@id":"https:\/\/xn--quizsprsml-95a8t.com\/da\/sitemap\/#listItem","position":2,"name":"Nettstedkart","previousItem":{"@type":"ListItem","@id":"https:\/\/xn--quizsprsml-95a8t.com\/da\/#listItem","name":"Home"}}]},{"@type":"Organization","@id":"https:\/\/xn--quizsprsml-95a8t.com\/da\/#organization","name":"Quizsp\u00f8rsm\u00e5l","url":"https:\/\/xn--quizsprsml-95a8t.com\/da\/","sameAs":["https:\/\/x.com\/MarekProch97105","https:\/\/www.linkedin.com\/in\/marek-prochzka-a44875328\/"]},{"@type":"WebPage","@id":"https:\/\/xn--quizsprsml-95a8t.com\/da\/sitemap\/#webpage","url":"https:\/\/xn--quizsprsml-95a8t.com\/da\/sitemap\/","name":"Nettstedkart Quizsp\u00f8rsm\u00e5l.com | Finn quizer raskt","description":"Nettstedkart F\u00e5 oversikt over quizer, kategorier og sp\u00f8rsm\u00e5l p\u00e5 Quizsp\u00f8rsm\u00e5l.com. Finn raskt morsomme quizer og sp\u00f8rrekonkurranser du kan spille direkte p\u00e5 nett","inLanguage":"da-DK","isPartOf":{"@id":"https:\/\/xn--quizsprsml-95a8t.com\/da\/#website"},"breadcrumb":{"@id":"https:\/\/xn--quizsprsml-95a8t.com\/da\/sitemap\/#breadcrumblist"},"datePublished":"2024-11-26T16:56:34+00:00","dateModified":"2026-01-29T15:27:51+00:00"},{"@type":"WebSite","@id":"https:\/\/xn--quizsprsml-95a8t.com\/da\/#website","url":"https:\/\/xn--quizsprsml-95a8t.com\/da\/","name":"Quizsp\u00f8rsm\u00e5l","inLanguage":"da-DK","publisher":{"@id":"https:\/\/xn--quizsprsml-95a8t.com\/da\/#organization"}}]},"og:locale":"da_DK","og:site_name":"Quizsp\u00f8rsm\u00e5l -","og:type":"article","og:title":"Nettstedkart Quizsp\u00f8rsm\u00e5l.com | Finn quizer raskt","og:description":"Nettstedkart F\u00e5 oversikt over quizer, kategorier og sp\u00f8rsm\u00e5l p\u00e5 Quizsp\u00f8rsm\u00e5l.com. Finn raskt morsomme quizer og sp\u00f8rrekonkurranser du kan spille direkte p\u00e5 nett","og:url":"https:\/\/xn--quizsprsml-95a8t.com\/da\/sitemap\/","og:image":"https:\/\/xn--quizsprsml-95a8t.com\/wp-content\/uploads\/2025\/09\/sportsforum-logo-for-seo.webp","og:image:secure_url":"https:\/\/xn--quizsprsml-95a8t.com\/wp-content\/uploads\/2025\/09\/sportsforum-logo-for-seo.webp","article:published_time":"2024-11-26T16:56:34+00:00","article:modified_time":"2026-01-29T15:27:51+00:00","twitter:card":"summary_large_image","twitter:site":"@MarekProch97105","twitter:title":"Nettstedkart Quizsp\u00f8rsm\u00e5l.com | Finn quizer raskt","twitter:description":"Nettstedkart F\u00e5 oversikt over quizer, kategorier og sp\u00f8rsm\u00e5l p\u00e5 Quizsp\u00f8rsm\u00e5l.com. Finn raskt morsomme quizer og sp\u00f8rrekonkurranser du kan spille direkte p\u00e5 nett","twitter:creator":"@MarekProch97105","twitter:image":"https:\/\/xn--quizsprsml-95a8t.com\/wp-content\/uploads\/2025\/09\/sportsforum-logo-for-seo.webp"},"aioseo_meta_data":{"post_id":"10562","title":"Websteds kort Quizsp\u00f8rsm\u00e5l.com | Find quizzer hurtigt","description":"Webstedskort F\u00e5 overblik over quizzer, kategorier og sp\u00f8rgsm\u00e5l p\u00e5 Quizsp\u00f8rsm\u00e5l.com. Find hurtigt sjove quizzer og konkurrencer, du kan spille direkte online","keywords":null,"keyphrases":{"focus":{"keyphrase":"Nettstedkart","score":88,"analysis":{"keyphraseInTitle":{"score":9,"maxScore":9,"error":0},"keyphraseInDescription":{"score":9,"maxScore":9,"error":0},"keyphraseLength":{"score":9,"maxScore":9,"error":0,"length":1},"keyphraseInURL":{"score":5,"maxScore":5,"error":0},"keyphraseInIntroduction":{"score":3,"maxScore":9,"error":1},"keyphraseInSubHeadings":[],"keyphraseInImageAlt":[],"keywordDensity":{"type":"best","score":9,"maxScore":9,"error":0}}},"additional":[]},"primary_term":null,"canonical_url":null,"og_title":null,"og_description":null,"og_object_type":"default","og_image_type":"default","og_image_url":null,"og_image_width":null,"og_image_height":null,"og_image_custom_url":null,"og_image_custom_fields":null,"og_video":"","og_custom_url":null,"og_article_section":null,"og_article_tags":null,"twitter_use_og":false,"twitter_card":"default","twitter_image_type":"default","twitter_image_url":null,"twitter_image_custom_url":null,"twitter_image_custom_fields":null,"twitter_title":null,"twitter_description":null,"schema":{"blockGraphs":[],"customGraphs":[],"default":{"data":{"Article":[],"Course":[],"Dataset":[],"FAQPage":[],"Movie":[],"Person":[],"Product":[],"ProductReview":[],"Car":[],"Recipe":[],"Service":[],"SoftwareApplication":[],"WebPage":[]},"graphName":"WebPage","isEnabled":true},"graphs":[]},"schema_type":"default","schema_type_options":null,"pillar_content":false,"robots_default":true,"robots_noindex":false,"robots_noarchive":false,"robots_nosnippet":false,"robots_nofollow":false,"robots_noimageindex":false,"robots_noodp":false,"robots_notranslate":false,"robots_max_snippet":"-1","robots_max_videopreview":"-1","robots_max_imagepreview":"large","priority":null,"frequency":"default","local_seo":null,"limit_modified_date":false,"reviewed_by":null,"open_ai":{"title":{"suggestions":[],"usage":0},"description":{"suggestions":[],"usage":0}},"created":"2024-11-26 16:56:34","updated":"2026-01-29 15:29:04"},"aioseo_breadcrumb":"<div class=\"aioseo-breadcrumbs\"><span class=\"aioseo-breadcrumb\">\n\t<a href=\"https:\/\/xn--quizsprsml-95a8t.com\/da\" title=\"Hjem\">Hjem<\/a>\n<\/span><span class=\"aioseo-breadcrumb-separator\">&gt;<\/span><span class=\"aioseo-breadcrumb\">\n\tNettstedkart\n<\/span><\/div>","aioseo_breadcrumb_json":[{"label":"Hjem","link":"https:\/\/xn--quizsprsml-95a8t.com\/da"},{"label":"Nettstedkart","link":"https:\/\/xn--quizsprsml-95a8t.com\/da\/sitemap\/"}],"_links":{"self":[{"href":"https:\/\/xn--quizsprsml-95a8t.com\/da\/wp-json\/wp\/v2\/pages\/10562","targetHints":{"allow":["GET"]}}],"collection":[{"href":"https:\/\/xn--quizsprsml-95a8t.com\/da\/wp-json\/wp\/v2\/pages"}],"about":[{"href":"https:\/\/xn--quizsprsml-95a8t.com\/da\/wp-json\/wp\/v2\/types\/page"}],"author":[{"embeddable":true,"href":"https:\/\/xn--quizsprsml-95a8t.com\/da\/wp-json\/wp\/v2\/users\/7"}],"replies":[{"embeddable":true,"href":"https:\/\/xn--quizsprsml-95a8t.com\/da\/wp-json\/wp\/v2\/comments?post=10562"}],"version-history":[{"count":2,"href":"https:\/\/xn--quizsprsml-95a8t.com\/da\/wp-json\/wp\/v2\/pages\/10562\/revisions"}],"predecessor-version":[{"id":15053,"href":"https:\/\/xn--quizsprsml-95a8t.com\/da\/wp-json\/wp\/v2\/pages\/10562\/revisions\/15053"}],"wp:attachment":[{"href":"https:\/\/xn--quizsprsml-95a8t.com\/da\/wp-json\/wp\/v2\/media?parent=10562"}],"curies":[{"name":"wp","href":"https:\/\/api.w.org\/{rel}","templated":true}]}}