{"id":10316,"date":"2024-11-07T14:42:01","date_gmt":"2024-11-07T14:42:01","guid":{"rendered":"https:\/\/xn--quizsprsml-95a8t.com\/?page_id=10316"},"modified":"2026-01-27T20:40:32","modified_gmt":"2026-01-27T20:40:32","slug":"cookies-til-quizsporsmal-com","status":"publish","type":"page","link":"https:\/\/xn--quizsprsml-95a8t.com\/da\/cookies-til-quizsporsmal-com\/","title":{"rendered":"Cookies til Quizsp\u00f8rsm\u00e5l.com"},"content":{"rendered":"<div id=\"fws_69e38bb05d529\"  data-column-margin=\"default\" data-midnight=\"dark\"  class=\"wpb_row vc_row-fluid vc_row\"  style=\"padding-top: 0px; padding-bottom: 0px; \"><div class=\"row-bg-wrap\" data-bg-animation=\"none\" data-bg-animation-delay=\"\" data-bg-overlay=\"false\"><div class=\"inner-wrap row-bg-layer\" ><div class=\"row-bg viewport-desktop\"  style=\"\"><\/div><\/div><\/div><div class=\"row_col_wrap_12 col span_12 dark left\">\n\t<div  class=\"vc_col-sm-12 wpb_column column_container vc_column_container col no-extra-padding inherit_tablet inherit_phone\"  data-padding-pos=\"all\" data-has-bg-color=\"false\" data-bg-color=\"\" data-bg-opacity=\"1\" data-animation=\"\" data-delay=\"0\" >\n\t\t<div class=\"vc_column-inner\" >\n\t\t\t<div class=\"wpb_wrapper\">\n\t\t\t\t\n<div class=\"wpb_text_column wpb_content_element\" >\n\t<div class=\"wpb_wrapper\">\n\t\t<div class=\"aioseo-breadcrumbs\"><span class=\"aioseo-breadcrumb\">\n\tStartside\n<\/span><\/div>\n\t<\/div>\n<\/div>\n\n\n\n\n\t\t\t<\/div> \n\t\t<\/div>\n\t<\/div> \n<\/div><\/div>\n\t\t<div id=\"fws_69e38bb05dc92\"  data-column-margin=\"default\" data-midnight=\"dark\"  class=\"wpb_row vc_row-fluid vc_row\"  style=\"padding-top: 0px; padding-bottom: 0px; \"><div class=\"row-bg-wrap\" data-bg-animation=\"none\" data-bg-animation-delay=\"\" data-bg-overlay=\"false\"><div class=\"inner-wrap row-bg-layer\" ><div class=\"row-bg viewport-desktop\"  style=\"\"><\/div><\/div><\/div><div class=\"row_col_wrap_12 col span_12 dark left\">\n\t<div  class=\"vc_col-sm-12 wpb_column column_container vc_column_container col no-extra-padding inherit_tablet inherit_phone\"  data-padding-pos=\"all\" data-has-bg-color=\"false\" data-bg-color=\"\" data-bg-opacity=\"1\" data-animation=\"\" data-delay=\"0\" >\n\t\t<div class=\"vc_column-inner\" >\n\t\t\t<div class=\"wpb_wrapper\">\n\t\t\t\t\n<div class=\"wpb_text_column wpb_content_element\" >\n\t<div class=\"wpb_wrapper\">\n\t\t\t<\/div>\n<\/div>\n\n\n\n\n\t\t\t<\/div> \n\t\t<\/div>\n\t<\/div> \n<\/div><\/div>\n\t\t<div id=\"fws_69e38bb05dde7\"  data-column-margin=\"default\" data-midnight=\"dark\"  class=\"wpb_row vc_row-fluid vc_row\"  style=\"padding-top: 0px; padding-bottom: 0px; \"><div class=\"row-bg-wrap\" data-bg-animation=\"none\" data-bg-animation-delay=\"\" data-bg-overlay=\"false\"><div class=\"inner-wrap row-bg-layer\" ><div class=\"row-bg viewport-desktop\"  style=\"\"><\/div><\/div><\/div><div class=\"row_col_wrap_12 col span_12 dark left\">\n\t<div  class=\"vc_col-sm-12 wpb_column column_container vc_column_container col no-extra-padding inherit_tablet inherit_phone\"  data-padding-pos=\"all\" data-has-bg-color=\"false\" data-bg-color=\"\" data-bg-opacity=\"1\" data-animation=\"\" data-delay=\"0\" >\n\t\t<div class=\"vc_column-inner\" >\n\t\t\t<div class=\"wpb_wrapper\">\n\t\t\t\t\n<div class=\"wpb_text_column wpb_content_element\" >\n\t<div class=\"wpb_wrapper\">\n\t\t<h1>Cookies til Quizsp\u00f8rsm\u00e5l.com<\/h1>\n<p>Denne cookiepolitik forklarer, hvordan Quiz Questions.com bruger cookies og lignende teknologier til at genkende dig, n\u00e5r du bes\u00f8ger vores hjemmeside. Politikken beskriver, hvad cookies er, hvorfor vi bruger dem, og hvilke rettigheder du har til at kontrollere vores brug af dem.<\/p>\n<h2>Hvad er cookies?<\/h2>\n<p>Cookies er sm\u00e5 tekstfiler, der gemmes p\u00e5 din computer eller mobilenhed, n\u00e5r du bes\u00f8ger en hjemmeside. Cookies bruges til at sikre, at websteder fungerer korrekt, forbedre brugeroplevelsen og indsamle oplysninger om, hvordan webstedet bruges.<\/p>\n<h3>Hvorfor bruger vi cookies?<\/h3>\n<p>Vi bruger cookies til at sikre, at vores hjemmeside fungerer effektivt, og til at give dig en bedre og mere personlig oplevelse. Vores cookies kan inddeles i f\u00f8lgende kategorier:<\/p>\n<p>N\u00f8dvendige cookies: Disse er afg\u00f8rende for, at hjemmesiden kan fungere og muligg\u00f8r f.eks. navigation og adgang til forskellige funktioner.<\/p>\n<p>Performance-cookies: Indsamler anonymiserede oplysninger om, hvordan bes\u00f8gende bruger webstedet, f.eks. hvilke sider der bes\u00f8ges oftest, og om der opst\u00e5r fejl. Dette hj\u00e6lper os med at forbedre hjemmesidens funktionalitet.<\/p>\n<p>Funktionalitetscookies: G\u00f8r det muligt for webstedet at huske dine valg, f.eks. sprog eller region, og give en mere personlig brugeroplevelse.<\/p>\n<p>Markedsf\u00f8ringscookies: Bruges til at levere reklamer, der er relevante for dig og dine interesser, og til at m\u00e5le effektiviteten af vores markedsf\u00f8ringsindsats.<\/p>\n<h3>Hvilke typer cookies bruger vi?<\/h3>\n<p>Cookies fra f\u00f8rste part: Disse cookies s\u00e6ttes af Quizquestions.com og bruges til at forbedre din oplevelse p\u00e5 vores hjemmeside.<\/p>\n<p>Tredjepartscookies: Disse cookies s\u00e6ttes af eksterne tjenester, som vi bruger til analyse eller annoncering.<\/p>\n<h3>Hvordan kan du kontrollere cookies?<\/h3>\n<p>Du har ret til selv at bestemme, hvilke cookies du vil acceptere. Det kan du g\u00f8re ved at:<\/p>\n<p>Browserindstillinger: Du kan justere dine browserindstillinger til at acceptere eller blokere cookies. Bem\u00e6rk, at nogle af webstedets funktioner kan blive p\u00e5virket, hvis cookies blokeres. Du kan finde instruktioner til dette i din browsers hj\u00e6lpesektion.<\/p>\n<p>Fravalg af tredjepartscookies: For nogle tredjepartscookies er der specifikke v\u00e6rkt\u00f8jer til at frav\u00e6lge dem, som vi kan informere dig om, n\u00e5r det er n\u00f8dvendigt.<\/p>\n<h3>Opdateringer til cookiepolitikken<\/h3>\n<p>Vi kan opdatere denne cookiepolitik for at afspejle \u00e6ndringer i vores brug af cookies eller p\u00e5 grund af \u00e6ndrede juridiske og tekniske omst\u00e6ndigheder. Vi anbefaler, at du bes\u00f8ger denne side regelm\u00e6ssigt for at holde dig opdateret.<\/p>\n<h3>Kontakt os<\/h3>\n<p>Hvis du har sp\u00f8rgsm\u00e5l eller bekymringer om vores brug af cookies eller denne politik, er du velkommen til at kontakte os via kontaktoplysningerne p\u00e5 Quizquestions.com.<\/p>\n<div id=\"gtx-trans\" style=\"position: absolute; left: 84px; top: 1588.27px;\">\n<div class=\"gtx-trans-icon\"><\/div>\n<\/div>\n\t<\/div>\n<\/div>\n\n\n\n\n\t\t\t<\/div> \n\t\t<\/div>\n\t<\/div> \n<\/div><\/div>","protected":false},"excerpt":{"rendered":"Hjem Informasjonskapsler for Quizsp\u00f8rsm\u00e5l.com Denne informasjonskapselpolicyen forklarer hvordan Quizsp\u00f8rsm\u00e5l.com bruker informasjonskapsler og lignende teknologier for \u00e5 gjenkjenne deg n\u00e5r du bes\u00f8ker nettstedet v\u00e5rt. Policyen beskriver hva informasjonskapsler er, hvorfor vi bruker dem og hvilke rettigheter du har til \u00e5 kontrollere v\u00e5r bruk av dem. Hva er informasjonskapsler? Informasjonskapsler er sm\u00e5 tekstfiler som lagres p\u00e5 datamaskinen eller mobilenheten din n\u00e5r du bes\u00f8ker et nettsted. Informasjonskapsler brukes for \u00e5 sikre at nettsteder...","protected":false},"author":7,"featured_media":0,"parent":0,"menu_order":0,"comment_status":"closed","ping_status":"closed","template":"","meta":{"_acf_changed":false,"inline_featured_image":false,"_glsr_average":0,"_glsr_ranking":0,"_glsr_reviews":0,"footnotes":""},"class_list":["post-10316","page","type-page","status-publish"],"acf":[],"aioseo_notices":[],"aioseo_head":"\n\t\t<!-- All in One SEO Pro 4.8.1.1 - aioseo.com -->\n\t<meta name=\"description\" content=\"Informasjonskapsler-policyen for Quizfragor forklarer hvordan vi bruker informasjonskapsler, hvorfor og dine rettigheter til \u00e5 kontrollere dem for en trygg og transparent nettleseropplevelse.\" \/>\n\t<meta name=\"robots\" content=\"max-image-preview:large\" \/>\n\t<link rel=\"canonical\" href=\"https:\/\/xn--quizsprsml-95a8t.com\/da\/cookies-til-quizsporsmal-com\/\" \/>\n\t<meta name=\"generator\" content=\"All in One SEO Pro (AIOSEO) 4.8.1.1\" \/>\n\t\t<meta property=\"og:locale\" content=\"da_DK\" \/>\n\t\t<meta property=\"og:site_name\" content=\"Quizsp\u00f8rsm\u00e5l -\" \/>\n\t\t<meta property=\"og:type\" content=\"website\" \/>\n\t\t<meta property=\"og:title\" content=\"Informasjonskapsler for quizsp\u00f8rsm\u00e5l \u2013 Din guide til informasjonskapsler\" \/>\n\t\t<meta property=\"og:description\" content=\"Informasjonskapsler-policyen for Quizfragor forklarer hvordan vi bruker informasjonskapsler, hvorfor og dine rettigheter til \u00e5 kontrollere dem for en trygg og transparent nettleseropplevelse.\" \/>\n\t\t<meta property=\"og:url\" content=\"https:\/\/xn--quizsprsml-95a8t.com\/da\/cookies-til-quizsporsmal-com\/\" \/>\n\t\t<meta property=\"og:image\" content=\"https:\/\/xn--quizsprsml-95a8t.com\/wp-content\/uploads\/2025\/09\/sportsforum-logo-for-seo.webp\" \/>\n\t\t<meta property=\"og:image:secure_url\" content=\"https:\/\/xn--quizsprsml-95a8t.com\/wp-content\/uploads\/2025\/09\/sportsforum-logo-for-seo.webp\" \/>\n\t\t<meta name=\"twitter:card\" content=\"summary_large_image\" \/>\n\t\t<meta name=\"twitter:site\" content=\"@MarekProch97105\" \/>\n\t\t<meta name=\"twitter:title\" content=\"Informasjonskapsler for quizsp\u00f8rsm\u00e5l \u2013 Din guide til informasjonskapsler\" \/>\n\t\t<meta name=\"twitter:description\" content=\"Informasjonskapsler-policyen for Quizfragor forklarer hvordan vi bruker informasjonskapsler, hvorfor og dine rettigheter til \u00e5 kontrollere dem for en trygg og transparent nettleseropplevelse.\" \/>\n\t\t<meta name=\"twitter:creator\" content=\"@MarekProch97105\" \/>\n\t\t<meta name=\"twitter:image\" content=\"https:\/\/xn--quizsprsml-95a8t.com\/wp-content\/uploads\/2025\/09\/sportsforum-logo-for-seo.webp\" \/>\n\t\t<script type=\"application\/ld+json\" class=\"aioseo-schema\">\n\t\t\t{\"@context\":\"https:\\\/\\\/schema.org\",\"@graph\":[{\"@type\":\"BreadcrumbList\",\"@id\":\"https:\\\/\\\/xn--quizsprsml-95a8t.com\\\/da\\\/cookies-til-quizsporsmal-com\\\/#breadcrumblist\",\"itemListElement\":[{\"@type\":\"ListItem\",\"@id\":\"https:\\\/\\\/xn--quizsprsml-95a8t.com\\\/da\\\/#listItem\",\"position\":1,\"name\":\"Home\",\"item\":\"https:\\\/\\\/xn--quizsprsml-95a8t.com\\\/da\\\/\",\"nextItem\":{\"@type\":\"ListItem\",\"@id\":\"https:\\\/\\\/xn--quizsprsml-95a8t.com\\\/da\\\/cookies-til-quizsporsmal-com\\\/#listItem\",\"name\":\"Informasjonskapsler for Quizsp\\u00f8rsm\\u00e5l.com\"}},{\"@type\":\"ListItem\",\"@id\":\"https:\\\/\\\/xn--quizsprsml-95a8t.com\\\/da\\\/cookies-til-quizsporsmal-com\\\/#listItem\",\"position\":2,\"name\":\"Informasjonskapsler for Quizsp\\u00f8rsm\\u00e5l.com\",\"previousItem\":{\"@type\":\"ListItem\",\"@id\":\"https:\\\/\\\/xn--quizsprsml-95a8t.com\\\/da\\\/#listItem\",\"name\":\"Home\"}}]},{\"@type\":\"Organization\",\"@id\":\"https:\\\/\\\/xn--quizsprsml-95a8t.com\\\/da\\\/#organization\",\"name\":\"Quizsp\\u00f8rsm\\u00e5l\",\"url\":\"https:\\\/\\\/xn--quizsprsml-95a8t.com\\\/da\\\/\",\"sameAs\":[\"https:\\\/\\\/x.com\\\/MarekProch97105\",\"https:\\\/\\\/www.linkedin.com\\\/in\\\/marek-prochzka-a44875328\\\/\"]},{\"@type\":\"WebPage\",\"@id\":\"https:\\\/\\\/xn--quizsprsml-95a8t.com\\\/da\\\/cookies-til-quizsporsmal-com\\\/#webpage\",\"url\":\"https:\\\/\\\/xn--quizsprsml-95a8t.com\\\/da\\\/cookies-til-quizsporsmal-com\\\/\",\"name\":\"Informasjonskapsler for quizsp\\u00f8rsm\\u00e5l \\u2013 Din guide til informasjonskapsler\",\"description\":\"Informasjonskapsler-policyen for Quizfragor forklarer hvordan vi bruker informasjonskapsler, hvorfor og dine rettigheter til \\u00e5 kontrollere dem for en trygg og transparent nettleseropplevelse.\",\"inLanguage\":\"da-DK\",\"isPartOf\":{\"@id\":\"https:\\\/\\\/xn--quizsprsml-95a8t.com\\\/da\\\/#website\"},\"breadcrumb\":{\"@id\":\"https:\\\/\\\/xn--quizsprsml-95a8t.com\\\/da\\\/cookies-til-quizsporsmal-com\\\/#breadcrumblist\"},\"datePublished\":\"2024-11-07T14:42:01+00:00\",\"dateModified\":\"2026-01-27T20:40:32+00:00\"},{\"@type\":\"WebSite\",\"@id\":\"https:\\\/\\\/xn--quizsprsml-95a8t.com\\\/da\\\/#website\",\"url\":\"https:\\\/\\\/xn--quizsprsml-95a8t.com\\\/da\\\/\",\"name\":\"Quizsp\\u00f8rsm\\u00e5l\",\"inLanguage\":\"da-DK\",\"publisher\":{\"@id\":\"https:\\\/\\\/xn--quizsprsml-95a8t.com\\\/da\\\/#organization\"}}]}\n\t\t<\/script>\n\t\t<!-- All in One SEO Pro -->\r\n\t\t<title>Informasjonskapsler for quizsp\u00f8rsm\u00e5l \u2013 Din guide til informasjonskapsler<\/title>\n\n","aioseo_head_json":{"title":"Quizsp\u00f8rgsm\u00e5l om cookies - Din guide til cookies","description":"Quizfragors cookiepolitik forklarer, hvordan vi bruger cookies, hvorfor og dine rettigheder til at kontrollere dem for at f\u00e5 en sikker og gennemsigtig browseroplevelse.","canonical_url":"https:\/\/xn--quizsprsml-95a8t.com\/da\/cookies-til-quizsporsmal-com\/","robots":"max-image-preview:large","keywords":"","webmasterTools":{"miscellaneous":""},"schema":{"@context":"https:\/\/schema.org","@graph":[{"@type":"BreadcrumbList","@id":"https:\/\/xn--quizsprsml-95a8t.com\/da\/cookies-til-quizsporsmal-com\/#breadcrumblist","itemListElement":[{"@type":"ListItem","@id":"https:\/\/xn--quizsprsml-95a8t.com\/da\/#listItem","position":1,"name":"Home","item":"https:\/\/xn--quizsprsml-95a8t.com\/da\/","nextItem":{"@type":"ListItem","@id":"https:\/\/xn--quizsprsml-95a8t.com\/da\/cookies-til-quizsporsmal-com\/#listItem","name":"Informasjonskapsler for Quizsp\u00f8rsm\u00e5l.com"}},{"@type":"ListItem","@id":"https:\/\/xn--quizsprsml-95a8t.com\/da\/cookies-til-quizsporsmal-com\/#listItem","position":2,"name":"Informasjonskapsler for Quizsp\u00f8rsm\u00e5l.com","previousItem":{"@type":"ListItem","@id":"https:\/\/xn--quizsprsml-95a8t.com\/da\/#listItem","name":"Home"}}]},{"@type":"Organization","@id":"https:\/\/xn--quizsprsml-95a8t.com\/da\/#organization","name":"Quizsp\u00f8rsm\u00e5l","url":"https:\/\/xn--quizsprsml-95a8t.com\/da\/","sameAs":["https:\/\/x.com\/MarekProch97105","https:\/\/www.linkedin.com\/in\/marek-prochzka-a44875328\/"]},{"@type":"WebPage","@id":"https:\/\/xn--quizsprsml-95a8t.com\/da\/cookies-til-quizsporsmal-com\/#webpage","url":"https:\/\/xn--quizsprsml-95a8t.com\/da\/cookies-til-quizsporsmal-com\/","name":"Informasjonskapsler for quizsp\u00f8rsm\u00e5l \u2013 Din guide til informasjonskapsler","description":"Informasjonskapsler-policyen for Quizfragor forklarer hvordan vi bruker informasjonskapsler, hvorfor og dine rettigheter til \u00e5 kontrollere dem for en trygg og transparent nettleseropplevelse.","inLanguage":"da-DK","isPartOf":{"@id":"https:\/\/xn--quizsprsml-95a8t.com\/da\/#website"},"breadcrumb":{"@id":"https:\/\/xn--quizsprsml-95a8t.com\/da\/cookies-til-quizsporsmal-com\/#breadcrumblist"},"datePublished":"2024-11-07T14:42:01+00:00","dateModified":"2026-01-27T20:40:32+00:00"},{"@type":"WebSite","@id":"https:\/\/xn--quizsprsml-95a8t.com\/da\/#website","url":"https:\/\/xn--quizsprsml-95a8t.com\/da\/","name":"Quizsp\u00f8rsm\u00e5l","inLanguage":"da-DK","publisher":{"@id":"https:\/\/xn--quizsprsml-95a8t.com\/da\/#organization"}}]},"og:locale":"da_DK","og:site_name":"Quizsp\u00f8rsm\u00e5l -","og:type":"website","og:title":"Informasjonskapsler for quizsp\u00f8rsm\u00e5l \u2013 Din guide til informasjonskapsler","og:description":"Informasjonskapsler-policyen for Quizfragor forklarer hvordan vi bruker informasjonskapsler, hvorfor og dine rettigheter til \u00e5 kontrollere dem for en trygg og transparent nettleseropplevelse.","og:url":"https:\/\/xn--quizsprsml-95a8t.com\/da\/cookies-til-quizsporsmal-com\/","og:image":"https:\/\/xn--quizsprsml-95a8t.com\/wp-content\/uploads\/2025\/09\/sportsforum-logo-for-seo.webp","og:image:secure_url":"https:\/\/xn--quizsprsml-95a8t.com\/wp-content\/uploads\/2025\/09\/sportsforum-logo-for-seo.webp","twitter:card":"summary_large_image","twitter:site":"@MarekProch97105","twitter:title":"Informasjonskapsler for quizsp\u00f8rsm\u00e5l \u2013 Din guide til informasjonskapsler","twitter:description":"Informasjonskapsler-policyen for Quizfragor forklarer hvordan vi bruker informasjonskapsler, hvorfor og dine rettigheter til \u00e5 kontrollere dem for en trygg og transparent nettleseropplevelse.","twitter:creator":"@MarekProch97105","twitter:image":"https:\/\/xn--quizsprsml-95a8t.com\/wp-content\/uploads\/2025\/09\/sportsforum-logo-for-seo.webp"},"aioseo_meta_data":{"post_id":"10316","title":"Quizsp\u00f8rgsm\u00e5l om cookies - Din guide til cookies","description":"Quizfragors cookiepolitik forklarer, hvordan vi bruger cookies, hvorfor og dine rettigheder til at kontrollere dem for at f\u00e5 en sikker og gennemsigtig browseroplevelse.","keywords":null,"keyphrases":{"focus":{"keyphrase":"Cookiepolicy","score":37,"analysis":{"keyphraseInTitle":{"score":3,"maxScore":9,"error":1},"keyphraseInDescription":{"score":3,"maxScore":9,"error":1},"keyphraseLength":{"score":9,"maxScore":9,"error":0,"length":1},"keyphraseInURL":{"score":1,"maxScore":5,"error":1},"keyphraseInIntroduction":{"score":3,"maxScore":9,"error":1},"keyphraseInSubHeadings":{"score":3,"maxScore":9,"error":1},"keyphraseInImageAlt":[],"keywordDensity":{"score":0,"type":"low","maxScore":9,"error":1}}},"additional":[]},"primary_term":null,"canonical_url":null,"og_title":null,"og_description":null,"og_object_type":"website","og_image_type":"default","og_image_url":null,"og_image_width":null,"og_image_height":null,"og_image_custom_url":null,"og_image_custom_fields":null,"og_video":"","og_custom_url":null,"og_article_section":null,"og_article_tags":null,"twitter_use_og":false,"twitter_card":"default","twitter_image_type":"default","twitter_image_url":null,"twitter_image_custom_url":null,"twitter_image_custom_fields":null,"twitter_title":null,"twitter_description":null,"schema":{"blockGraphs":[],"customGraphs":[],"default":{"data":{"Article":[],"Course":[],"Dataset":[],"FAQPage":[],"Movie":[],"Person":[],"Product":[],"ProductReview":[],"Car":[],"Recipe":[],"Service":[],"SoftwareApplication":[],"WebPage":[]},"graphName":"WebPage","isEnabled":true},"graphs":[]},"schema_type":"default","schema_type_options":null,"pillar_content":false,"robots_default":true,"robots_noindex":false,"robots_noarchive":false,"robots_nosnippet":false,"robots_nofollow":false,"robots_noimageindex":false,"robots_noodp":false,"robots_notranslate":false,"robots_max_snippet":"-1","robots_max_videopreview":"-1","robots_max_imagepreview":"large","priority":null,"frequency":"default","local_seo":null,"limit_modified_date":false,"reviewed_by":null,"open_ai":{"title":{"suggestions":[],"usage":0},"description":{"suggestions":[],"usage":0}},"created":"2024-11-07 14:34:36","updated":"2026-01-27 20:48:02"},"aioseo_breadcrumb":"<div class=\"aioseo-breadcrumbs\"><span class=\"aioseo-breadcrumb\">\n\t<a href=\"https:\/\/xn--quizsprsml-95a8t.com\/da\" title=\"Hjem\">Hjem<\/a>\n<\/span><span class=\"aioseo-breadcrumb-separator\">&gt;<\/span><span class=\"aioseo-breadcrumb\">\n\tInformasjonskapsler for Quizsp\u00f8rsm\u00e5l.com\n<\/span><\/div>","aioseo_breadcrumb_json":[{"label":"Hjem","link":"https:\/\/xn--quizsprsml-95a8t.com\/da"},{"label":"Informasjonskapsler for Quizsp\u00f8rsm\u00e5l.com","link":"https:\/\/xn--quizsprsml-95a8t.com\/da\/cookies-til-quizsporsmal-com\/"}],"_links":{"self":[{"href":"https:\/\/xn--quizsprsml-95a8t.com\/da\/wp-json\/wp\/v2\/pages\/10316","targetHints":{"allow":["GET"]}}],"collection":[{"href":"https:\/\/xn--quizsprsml-95a8t.com\/da\/wp-json\/wp\/v2\/pages"}],"about":[{"href":"https:\/\/xn--quizsprsml-95a8t.com\/da\/wp-json\/wp\/v2\/types\/page"}],"author":[{"embeddable":true,"href":"https:\/\/xn--quizsprsml-95a8t.com\/da\/wp-json\/wp\/v2\/users\/7"}],"replies":[{"embeddable":true,"href":"https:\/\/xn--quizsprsml-95a8t.com\/da\/wp-json\/wp\/v2\/comments?post=10316"}],"version-history":[{"count":3,"href":"https:\/\/xn--quizsprsml-95a8t.com\/da\/wp-json\/wp\/v2\/pages\/10316\/revisions"}],"predecessor-version":[{"id":15050,"href":"https:\/\/xn--quizsprsml-95a8t.com\/da\/wp-json\/wp\/v2\/pages\/10316\/revisions\/15050"}],"wp:attachment":[{"href":"https:\/\/xn--quizsprsml-95a8t.com\/da\/wp-json\/wp\/v2\/media?parent=10316"}],"curies":[{"name":"wp","href":"https:\/\/api.w.org\/{rel}","templated":true}]}}