{"id":10310,"date":"2024-11-07T14:27:37","date_gmt":"2024-11-07T14:27:37","guid":{"rendered":"https:\/\/xn--quizsprsml-95a8t.com\/?page_id=10310"},"modified":"2026-03-24T10:14:26","modified_gmt":"2026-03-24T10:14:26","slug":"kontakt","status":"publish","type":"page","link":"https:\/\/xn--quizsprsml-95a8t.com\/da\/kontakt\/","title":{"rendered":"Kontakt os"},"content":{"rendered":"<div id=\"fws_69e374e154316\"  data-column-margin=\"default\" data-midnight=\"dark\"  class=\"wpb_row vc_row-fluid vc_row\"  style=\"padding-top: 0px; padding-bottom: 0px; \"><div class=\"row-bg-wrap\" data-bg-animation=\"none\" data-bg-animation-delay=\"\" data-bg-overlay=\"false\"><div class=\"inner-wrap row-bg-layer\" ><div class=\"row-bg viewport-desktop\"  style=\"\"><\/div><\/div><\/div><div class=\"row_col_wrap_12 col span_12 dark left\">\n\t<div  class=\"vc_col-sm-12 wpb_column column_container vc_column_container col no-extra-padding inherit_tablet inherit_phone\"  data-padding-pos=\"all\" data-has-bg-color=\"false\" data-bg-color=\"\" data-bg-opacity=\"1\" data-animation=\"\" data-delay=\"0\" >\n\t\t<div class=\"vc_column-inner\" >\n\t\t\t<div class=\"wpb_wrapper\">\n\t\t\t\t\n<div class=\"wpb_text_column wpb_content_element\" >\n\t<div class=\"wpb_wrapper\">\n\t\t<div class=\"aioseo-breadcrumbs\"><span class=\"aioseo-breadcrumb\">\n\tStartside\n<\/span><\/div>\n\t<\/div>\n<\/div>\n\n\n\n\n\t\t\t<\/div> \n\t\t<\/div>\n\t<\/div> \n<\/div><\/div>\n\t\t<div id=\"fws_69e374e154af5\"  data-column-margin=\"default\" data-midnight=\"dark\"  class=\"wpb_row vc_row-fluid vc_row\"  style=\"padding-top: 0px; padding-bottom: 0px; \"><div class=\"row-bg-wrap\" data-bg-animation=\"none\" data-bg-animation-delay=\"\" data-bg-overlay=\"false\"><div class=\"inner-wrap row-bg-layer\" ><div class=\"row-bg viewport-desktop\"  style=\"\"><\/div><\/div><\/div><div class=\"row_col_wrap_12 col span_12 dark left\">\n\t<div  class=\"vc_col-sm-12 wpb_column column_container vc_column_container col no-extra-padding inherit_tablet inherit_phone\"  data-padding-pos=\"all\" data-has-bg-color=\"false\" data-bg-color=\"\" data-bg-opacity=\"1\" data-animation=\"\" data-delay=\"0\" >\n\t\t<div class=\"vc_column-inner\" >\n\t\t\t<div class=\"wpb_wrapper\">\n\t\t\t\t\n<div class=\"wpb_text_column wpb_content_element\" >\n\t<div class=\"wpb_wrapper\">\n\t\t\t<\/div>\n<\/div>\n\n\n\n\n\t\t\t<\/div> \n\t\t<\/div>\n\t<\/div> \n<\/div><\/div>\n\t\t<div id=\"fws_69e374e154c8b\"  data-column-margin=\"default\" data-midnight=\"dark\"  class=\"wpb_row vc_row-fluid vc_row\"  style=\"padding-top: 0px; padding-bottom: 0px; \"><div class=\"row-bg-wrap\" data-bg-animation=\"none\" data-bg-animation-delay=\"\" data-bg-overlay=\"false\"><div class=\"inner-wrap row-bg-layer\" ><div class=\"row-bg viewport-desktop\"  style=\"\"><\/div><\/div><\/div><div class=\"row_col_wrap_12 col span_12 dark left\">\n\t<div  class=\"vc_col-sm-12 wpb_column column_container vc_column_container col no-extra-padding inherit_tablet inherit_phone\"  data-padding-pos=\"all\" data-has-bg-color=\"false\" data-bg-color=\"\" data-bg-opacity=\"1\" data-animation=\"\" data-delay=\"0\" >\n\t\t<div class=\"vc_column-inner\" >\n\t\t\t<div class=\"wpb_wrapper\">\n\t\t\t\t\n<div class=\"wpb_text_column wpb_content_element\" >\n\t<div class=\"wpb_wrapper\">\n\t\t<h1>Kontakt os<\/h1>\n<p>Hvis du har sp\u00f8rgsm\u00e5l eller \u00f8nsker at diskutere et muligt samarbejde, er du velkommen til at kontakte os via e-mail: <strong>letswork@upfront24.com<\/strong><\/p>\n<p>\u00c5bningstider for kundesupport:<br \/>\nMandag-fredag: 09:00-17:00<br \/>\nL\u00f8rdag-s\u00f8ndag: Lukket<\/p>\n<p>Vi g\u00f8r vores bedste for at besvare alle henvendelser inden for 24 timer p\u00e5 hverdage.<\/p>\n<h2>F\u00f8lg os p\u00e5 de sociale medier<\/h2>\n<p>F\u00f8lg os p\u00e5 vores sociale kanaler for nyheder, anmeldelser og opdateringer om gaming-relaterede begivenheder.<\/p>\n<h3>Undrer du dig over noget bestemt?<\/h3>\n<p>Tag et kig p\u00e5 vores FAQ-side, hvor vi har samlet svar p\u00e5 de hyppigst stillede sp\u00f8rgsm\u00e5l, s\u00e5 du kan f\u00e5 hj\u00e6lp hurtigt og nemt.<\/p>\n<p>Vi ser frem til at h\u00f8re fra dig!<\/p>\n\t<\/div>\n<\/div>\n\n\n\n\n\t\t\t<\/div> \n\t\t<\/div>\n\t<\/div> \n<\/div><\/div>","protected":false},"excerpt":{"rendered":"Hjem Kontakt oss Har du sp\u00f8rsm\u00e5l eller \u00f8nsker \u00e5 diskutere et mulig samarbeid, kan du ta kontakt med oss p\u00e5 e\u2011post: letswork@upfront24.com \u00c5pningstider for kundest\u00f8tte: Mandag\u2013fredag: 09:00\u201317:00 L\u00f8rdag\u2013s\u00f8ndag: Stengt Vi gj\u00f8r v\u00e5rt beste for \u00e5 besvare alle henvendelser innen 24 timer p\u00e5 virkedager. F\u00f8lg oss i sosiale medier F\u00f8lg oss gjerne i v\u00e5re sosiale kanaler for nyheter, anmeldelser og oppdateringer om spillrelaterte arrangementer. Lurer du p\u00e5 noe spesielt? Ta en...","protected":false},"author":7,"featured_media":0,"parent":0,"menu_order":0,"comment_status":"closed","ping_status":"closed","template":"","meta":{"_acf_changed":false,"inline_featured_image":false,"_glsr_average":0,"_glsr_ranking":0,"_glsr_reviews":0,"footnotes":""},"class_list":["post-10310","page","type-page","status-publish"],"acf":[],"aioseo_notices":[],"aioseo_head":"\n\t\t<!-- All in One SEO Pro 4.8.1.1 - aioseo.com -->\n\t<meta name=\"description\" content=\"Kontakt quizsp\u00f8rsm\u00e5l.com \u2013 Kontakt oss via e-post for samarbeid, st\u00f8tte og sp\u00f8rsm\u00e5l. Vi svarer raskt og hjelper deg med alt som har med sportsforum \u00e5 gj\u00f8re.\" \/>\n\t<meta name=\"robots\" content=\"max-image-preview:large\" \/>\n\t<link rel=\"canonical\" href=\"https:\/\/xn--quizsprsml-95a8t.com\/da\/kontakt\/\" \/>\n\t<meta name=\"generator\" content=\"All in One SEO Pro (AIOSEO) 4.8.1.1\" \/>\n\t\t<meta property=\"og:locale\" content=\"da_DK\" \/>\n\t\t<meta property=\"og:site_name\" content=\"Quizsp\u00f8rsm\u00e5l -\" \/>\n\t\t<meta property=\"og:type\" content=\"website\" \/>\n\t\t<meta property=\"og:title\" content=\"Kontakt \u2013 Kontaktquizsp\u00f8rsm\u00e5l for samarbeid og st\u00f8tte\" \/>\n\t\t<meta property=\"og:description\" content=\"Kontakt quizsp\u00f8rsm\u00e5l.com \u2013 Kontakt oss via e-post for samarbeid, st\u00f8tte og sp\u00f8rsm\u00e5l. Vi svarer raskt og hjelper deg med alt som har med sportsforum \u00e5 gj\u00f8re.\" \/>\n\t\t<meta property=\"og:url\" content=\"https:\/\/xn--quizsprsml-95a8t.com\/da\/kontakt\/\" \/>\n\t\t<meta property=\"og:image\" content=\"https:\/\/xn--quizsprsml-95a8t.com\/wp-content\/uploads\/2025\/09\/sportsforum-logo-for-seo.webp\" \/>\n\t\t<meta property=\"og:image:secure_url\" content=\"https:\/\/xn--quizsprsml-95a8t.com\/wp-content\/uploads\/2025\/09\/sportsforum-logo-for-seo.webp\" \/>\n\t\t<meta name=\"twitter:card\" content=\"summary_large_image\" \/>\n\t\t<meta name=\"twitter:site\" content=\"@MarekProch97105\" \/>\n\t\t<meta name=\"twitter:title\" content=\"Kontakt \u2013 Kontaktquizsp\u00f8rsm\u00e5l for samarbeid og st\u00f8tte\" \/>\n\t\t<meta name=\"twitter:description\" content=\"Kontakt quizsp\u00f8rsm\u00e5l.com \u2013 Kontakt oss via e-post for samarbeid, st\u00f8tte og sp\u00f8rsm\u00e5l. Vi svarer raskt og hjelper deg med alt som har med sportsforum \u00e5 gj\u00f8re.\" \/>\n\t\t<meta name=\"twitter:creator\" content=\"@MarekProch97105\" \/>\n\t\t<meta name=\"twitter:image\" content=\"https:\/\/xn--quizsprsml-95a8t.com\/wp-content\/uploads\/2025\/09\/sportsforum-logo-for-seo.webp\" \/>\n\t\t<script type=\"application\/ld+json\" class=\"aioseo-schema\">\n\t\t\t{\"@context\":\"https:\\\/\\\/schema.org\",\"@graph\":[{\"@type\":\"BreadcrumbList\",\"@id\":\"https:\\\/\\\/xn--quizsprsml-95a8t.com\\\/da\\\/kontakt\\\/#breadcrumblist\",\"itemListElement\":[{\"@type\":\"ListItem\",\"@id\":\"https:\\\/\\\/xn--quizsprsml-95a8t.com\\\/da\\\/#listItem\",\"position\":1,\"name\":\"Home\",\"item\":\"https:\\\/\\\/xn--quizsprsml-95a8t.com\\\/da\\\/\",\"nextItem\":{\"@type\":\"ListItem\",\"@id\":\"https:\\\/\\\/xn--quizsprsml-95a8t.com\\\/da\\\/kontakt\\\/#listItem\",\"name\":\"Kontakt\"}},{\"@type\":\"ListItem\",\"@id\":\"https:\\\/\\\/xn--quizsprsml-95a8t.com\\\/da\\\/kontakt\\\/#listItem\",\"position\":2,\"name\":\"Kontakt\",\"previousItem\":{\"@type\":\"ListItem\",\"@id\":\"https:\\\/\\\/xn--quizsprsml-95a8t.com\\\/da\\\/#listItem\",\"name\":\"Home\"}}]},{\"@type\":\"Organization\",\"@id\":\"https:\\\/\\\/xn--quizsprsml-95a8t.com\\\/da\\\/#organization\",\"name\":\"Quizsp\\u00f8rsm\\u00e5l\",\"url\":\"https:\\\/\\\/xn--quizsprsml-95a8t.com\\\/da\\\/\",\"sameAs\":[\"https:\\\/\\\/x.com\\\/MarekProch97105\",\"https:\\\/\\\/www.linkedin.com\\\/in\\\/marek-prochzka-a44875328\\\/\"]},{\"@type\":\"WebPage\",\"@id\":\"https:\\\/\\\/xn--quizsprsml-95a8t.com\\\/da\\\/kontakt\\\/#webpage\",\"url\":\"https:\\\/\\\/xn--quizsprsml-95a8t.com\\\/da\\\/kontakt\\\/\",\"name\":\"Kontakt \\u2013 Kontaktquizsp\\u00f8rsm\\u00e5l for samarbeid og st\\u00f8tte\",\"description\":\"Kontakt quizsp\\u00f8rsm\\u00e5l.com \\u2013 Kontakt oss via e-post for samarbeid, st\\u00f8tte og sp\\u00f8rsm\\u00e5l. Vi svarer raskt og hjelper deg med alt som har med sportsforum \\u00e5 gj\\u00f8re.\",\"inLanguage\":\"da-DK\",\"isPartOf\":{\"@id\":\"https:\\\/\\\/xn--quizsprsml-95a8t.com\\\/da\\\/#website\"},\"breadcrumb\":{\"@id\":\"https:\\\/\\\/xn--quizsprsml-95a8t.com\\\/da\\\/kontakt\\\/#breadcrumblist\"},\"datePublished\":\"2024-11-07T14:27:37+00:00\",\"dateModified\":\"2026-03-24T10:14:26+00:00\"},{\"@type\":\"WebSite\",\"@id\":\"https:\\\/\\\/xn--quizsprsml-95a8t.com\\\/da\\\/#website\",\"url\":\"https:\\\/\\\/xn--quizsprsml-95a8t.com\\\/da\\\/\",\"name\":\"Quizsp\\u00f8rsm\\u00e5l\",\"inLanguage\":\"da-DK\",\"publisher\":{\"@id\":\"https:\\\/\\\/xn--quizsprsml-95a8t.com\\\/da\\\/#organization\"}}]}\n\t\t<\/script>\n\t\t<!-- All in One SEO Pro -->\r\n\t\t<title>Kontakt \u2013 Kontaktquizsp\u00f8rsm\u00e5l for samarbeid og st\u00f8tte<\/title>\n\n","aioseo_head_json":{"title":"Kontakt - Kontakt quizsp\u00f8rgsm\u00e5l til samarbejde og support","description":"Kontakt quizquestions.com - Kontakt os via e-mail for samarbejde, support og sp\u00f8rgsm\u00e5l. Vi svarer hurtigt og hj\u00e6lper dig med alt, hvad der har med sportsfora at g\u00f8re.","canonical_url":"https:\/\/xn--quizsprsml-95a8t.com\/da\/kontakt\/","robots":"max-image-preview:large","keywords":"","webmasterTools":{"miscellaneous":""},"schema":{"@context":"https:\/\/schema.org","@graph":[{"@type":"BreadcrumbList","@id":"https:\/\/xn--quizsprsml-95a8t.com\/da\/kontakt\/#breadcrumblist","itemListElement":[{"@type":"ListItem","@id":"https:\/\/xn--quizsprsml-95a8t.com\/da\/#listItem","position":1,"name":"Home","item":"https:\/\/xn--quizsprsml-95a8t.com\/da\/","nextItem":{"@type":"ListItem","@id":"https:\/\/xn--quizsprsml-95a8t.com\/da\/kontakt\/#listItem","name":"Kontakt"}},{"@type":"ListItem","@id":"https:\/\/xn--quizsprsml-95a8t.com\/da\/kontakt\/#listItem","position":2,"name":"Kontakt","previousItem":{"@type":"ListItem","@id":"https:\/\/xn--quizsprsml-95a8t.com\/da\/#listItem","name":"Home"}}]},{"@type":"Organization","@id":"https:\/\/xn--quizsprsml-95a8t.com\/da\/#organization","name":"Quizsp\u00f8rsm\u00e5l","url":"https:\/\/xn--quizsprsml-95a8t.com\/da\/","sameAs":["https:\/\/x.com\/MarekProch97105","https:\/\/www.linkedin.com\/in\/marek-prochzka-a44875328\/"]},{"@type":"WebPage","@id":"https:\/\/xn--quizsprsml-95a8t.com\/da\/kontakt\/#webpage","url":"https:\/\/xn--quizsprsml-95a8t.com\/da\/kontakt\/","name":"Kontakt \u2013 Kontaktquizsp\u00f8rsm\u00e5l for samarbeid og st\u00f8tte","description":"Kontakt quizsp\u00f8rsm\u00e5l.com \u2013 Kontakt oss via e-post for samarbeid, st\u00f8tte og sp\u00f8rsm\u00e5l. Vi svarer raskt og hjelper deg med alt som har med sportsforum \u00e5 gj\u00f8re.","inLanguage":"da-DK","isPartOf":{"@id":"https:\/\/xn--quizsprsml-95a8t.com\/da\/#website"},"breadcrumb":{"@id":"https:\/\/xn--quizsprsml-95a8t.com\/da\/kontakt\/#breadcrumblist"},"datePublished":"2024-11-07T14:27:37+00:00","dateModified":"2026-03-24T10:14:26+00:00"},{"@type":"WebSite","@id":"https:\/\/xn--quizsprsml-95a8t.com\/da\/#website","url":"https:\/\/xn--quizsprsml-95a8t.com\/da\/","name":"Quizsp\u00f8rsm\u00e5l","inLanguage":"da-DK","publisher":{"@id":"https:\/\/xn--quizsprsml-95a8t.com\/da\/#organization"}}]},"og:locale":"da_DK","og:site_name":"Quizsp\u00f8rsm\u00e5l -","og:type":"website","og:title":"Kontakt \u2013 Kontaktquizsp\u00f8rsm\u00e5l for samarbeid og st\u00f8tte","og:description":"Kontakt quizsp\u00f8rsm\u00e5l.com \u2013 Kontakt oss via e-post for samarbeid, st\u00f8tte og sp\u00f8rsm\u00e5l. Vi svarer raskt og hjelper deg med alt som har med sportsforum \u00e5 gj\u00f8re.","og:url":"https:\/\/xn--quizsprsml-95a8t.com\/da\/kontakt\/","og:image":"https:\/\/xn--quizsprsml-95a8t.com\/wp-content\/uploads\/2025\/09\/sportsforum-logo-for-seo.webp","og:image:secure_url":"https:\/\/xn--quizsprsml-95a8t.com\/wp-content\/uploads\/2025\/09\/sportsforum-logo-for-seo.webp","twitter:card":"summary_large_image","twitter:site":"@MarekProch97105","twitter:title":"Kontakt \u2013 Kontaktquizsp\u00f8rsm\u00e5l for samarbeid og st\u00f8tte","twitter:description":"Kontakt quizsp\u00f8rsm\u00e5l.com \u2013 Kontakt oss via e-post for samarbeid, st\u00f8tte og sp\u00f8rsm\u00e5l. Vi svarer raskt og hjelper deg med alt som har med sportsforum \u00e5 gj\u00f8re.","twitter:creator":"@MarekProch97105","twitter:image":"https:\/\/xn--quizsprsml-95a8t.com\/wp-content\/uploads\/2025\/09\/sportsforum-logo-for-seo.webp"},"aioseo_meta_data":{"post_id":"10310","title":"Kontakt - Kontakt quizsp\u00f8rgsm\u00e5l til samarbejde og support","description":"Kontakt quizquestions.com - Kontakt os via e-mail for samarbejde, support og sp\u00f8rgsm\u00e5l. Vi svarer hurtigt og hj\u00e6lper dig med alt, hvad der har med sportsfora at g\u00f8re.","keywords":null,"keyphrases":{"focus":{"keyphrase":"Kontakt","score":90,"analysis":{"keyphraseInTitle":{"score":9,"maxScore":9,"error":0},"keyphraseInDescription":{"score":9,"maxScore":9,"error":0},"keyphraseLength":{"score":9,"maxScore":9,"error":0,"length":1},"keyphraseInURL":{"score":5,"maxScore":5,"error":0},"keyphraseInIntroduction":{"score":9,"maxScore":9,"error":0},"keyphraseInSubHeadings":{"score":3,"maxScore":9,"error":1},"keyphraseInImageAlt":[],"keywordDensity":{"type":"best","score":9,"maxScore":9,"error":0}}},"additional":[]},"primary_term":null,"canonical_url":null,"og_title":null,"og_description":null,"og_object_type":"website","og_image_type":"default","og_image_url":null,"og_image_width":null,"og_image_height":null,"og_image_custom_url":null,"og_image_custom_fields":null,"og_video":"","og_custom_url":null,"og_article_section":null,"og_article_tags":null,"twitter_use_og":false,"twitter_card":"default","twitter_image_type":"default","twitter_image_url":null,"twitter_image_custom_url":null,"twitter_image_custom_fields":null,"twitter_title":null,"twitter_description":null,"schema":{"blockGraphs":[],"customGraphs":[],"default":{"data":{"Article":[],"Course":[],"Dataset":[],"FAQPage":[],"Movie":[],"Person":[],"Product":[],"ProductReview":[],"Car":[],"Recipe":[],"Service":[],"SoftwareApplication":[],"WebPage":[]},"graphName":"WebPage","isEnabled":true},"graphs":[]},"schema_type":"default","schema_type_options":null,"pillar_content":false,"robots_default":true,"robots_noindex":false,"robots_noarchive":false,"robots_nosnippet":false,"robots_nofollow":false,"robots_noimageindex":false,"robots_noodp":false,"robots_notranslate":false,"robots_max_snippet":"-1","robots_max_videopreview":"-1","robots_max_imagepreview":"large","priority":null,"frequency":"default","local_seo":null,"limit_modified_date":false,"reviewed_by":null,"open_ai":{"title":{"suggestions":[],"usage":0},"description":{"suggestions":[],"usage":0}},"created":"2024-11-07 14:24:37","updated":"2026-03-24 10:28:05"},"aioseo_breadcrumb":"<div class=\"aioseo-breadcrumbs\"><span class=\"aioseo-breadcrumb\">\n\t<a href=\"https:\/\/xn--quizsprsml-95a8t.com\/da\" title=\"Hjem\">Hjem<\/a>\n<\/span><span class=\"aioseo-breadcrumb-separator\">&gt;<\/span><span class=\"aioseo-breadcrumb\">\n\tKontakt\n<\/span><\/div>","aioseo_breadcrumb_json":[{"label":"Hjem","link":"https:\/\/xn--quizsprsml-95a8t.com\/da"},{"label":"Kontakt","link":"https:\/\/xn--quizsprsml-95a8t.com\/da\/kontakt\/"}],"_links":{"self":[{"href":"https:\/\/xn--quizsprsml-95a8t.com\/da\/wp-json\/wp\/v2\/pages\/10310","targetHints":{"allow":["GET"]}}],"collection":[{"href":"https:\/\/xn--quizsprsml-95a8t.com\/da\/wp-json\/wp\/v2\/pages"}],"about":[{"href":"https:\/\/xn--quizsprsml-95a8t.com\/da\/wp-json\/wp\/v2\/types\/page"}],"author":[{"embeddable":true,"href":"https:\/\/xn--quizsprsml-95a8t.com\/da\/wp-json\/wp\/v2\/users\/7"}],"replies":[{"embeddable":true,"href":"https:\/\/xn--quizsprsml-95a8t.com\/da\/wp-json\/wp\/v2\/comments?post=10310"}],"version-history":[{"count":5,"href":"https:\/\/xn--quizsprsml-95a8t.com\/da\/wp-json\/wp\/v2\/pages\/10310\/revisions"}],"predecessor-version":[{"id":15430,"href":"https:\/\/xn--quizsprsml-95a8t.com\/da\/wp-json\/wp\/v2\/pages\/10310\/revisions\/15430"}],"wp:attachment":[{"href":"https:\/\/xn--quizsprsml-95a8t.com\/da\/wp-json\/wp\/v2\/media?parent=10310"}],"curies":[{"name":"wp","href":"https:\/\/api.w.org\/{rel}","templated":true}]}}